{"id":1011,"date":"2022-11-08T12:17:04","date_gmt":"2022-11-08T12:17:04","guid":{"rendered":"https:\/\/hasznosjatek.hu\/lap\/?page_id=1011"},"modified":"2022-11-09T10:09:43","modified_gmt":"2022-11-09T10:09:43","slug":"aranik","status":"publish","type":"page","link":"https:\/\/hasznosjatek.hu\/lap\/aranik\/","title":{"rendered":"\u00c1RAINK"},"content":{"rendered":"\n<p>Tekintse meg referenciamunk\u00e1inkat, \u00e9s egyedi elk\u00e9pzel\u00e9s\u00e9hez k\u00e9rjen \u00e1raj\u00e1nlatot!<\/p>\n\n\n\n<div class=\"wp-block-buttons is-layout-flex wp-block-buttons-is-layout-flex\">\n<div class=\"wp-block-button has-custom-font-size is-style-fill has-small-font-size\"><a class=\"wp-block-button__link wp-element-button\" href=\"https:\/\/hasznosjatek.hu\/lap\/hasznosjatek-arak.pdf\" style=\"border-radius:12px\" target=\"_blank\" rel=\"noreferrer noopener\">\u00c1RLIST\u00c1NK MEGTEKINT\u00c9SE<\/a><\/div>\n<\/div>\n\n\n\n<p><\/p>\n","protected":false},"excerpt":{"rendered":"<p>Tekintse meg referenciamunk\u00e1inkat, \u00e9s egyedi elk\u00e9pzel\u00e9s\u00e9hez k\u00e9rjen \u00e1raj\u00e1nlatot!<\/p>\n","protected":false},"author":1,"featured_media":0,"parent":0,"menu_order":0,"comment_status":"closed","ping_status":"closed","template":"page-fullwidth.php","meta":{"footnotes":""},"class_list":["post-1011","page","type-page","status-publish","hentry"],"_links":{"self":[{"href":"https:\/\/hasznosjatek.hu\/lap\/wp-json\/wp\/v2\/pages\/1011","targetHints":{"allow":["GET"]}}],"collection":[{"href":"https:\/\/hasznosjatek.hu\/lap\/wp-json\/wp\/v2\/pages"}],"about":[{"href":"https:\/\/hasznosjatek.hu\/lap\/wp-json\/wp\/v2\/types\/page"}],"author":[{"embeddable":true,"href":"https:\/\/hasznosjatek.hu\/lap\/wp-json\/wp\/v2\/users\/1"}],"replies":[{"embeddable":true,"href":"https:\/\/hasznosjatek.hu\/lap\/wp-json\/wp\/v2\/comments?post=1011"}],"version-history":[{"count":3,"href":"https:\/\/hasznosjatek.hu\/lap\/wp-json\/wp\/v2\/pages\/1011\/revisions"}],"predecessor-version":[{"id":1018,"href":"https:\/\/hasznosjatek.hu\/lap\/wp-json\/wp\/v2\/pages\/1011\/revisions\/1018"}],"wp:attachment":[{"href":"https:\/\/hasznosjatek.hu\/lap\/wp-json\/wp\/v2\/media?parent=1011"}],"curies":[{"name":"wp","href":"https:\/\/api.w.org\/{rel}","templated":true}]}}