{"id":1184,"date":"2023-01-28T13:21:33","date_gmt":"2023-01-28T13:21:33","guid":{"rendered":"https:\/\/hasznosjatek.hu\/lap\/?page_id=1184"},"modified":"2023-04-01T19:03:45","modified_gmt":"2023-04-01T19:03:45","slug":"videok","status":"publish","type":"page","link":"https:\/\/hasznosjatek.hu\/lap\/videok\/","title":{"rendered":"VIDE\u00d3K"},"content":{"rendered":"\n<p>Csonti<\/p>\n\n\n\n<figure class=\"wp-block-embed aligncenter is-type-video is-provider-youtube wp-block-embed-youtube wp-embed-aspect-16-9 wp-has-aspect-ratio\"><div class=\"wp-block-embed__wrapper\">\n<iframe loading=\"lazy\" title=\"hasznosJ - Csonti\" width=\"530\" height=\"298\" src=\"https:\/\/www.youtube.com\/embed\/ZS-X5C_oNEg?feature=oembed\" frameborder=\"0\" allow=\"accelerometer; autoplay; clipboard-write; encrypted-media; gyroscope; picture-in-picture; web-share\" referrerpolicy=\"strict-origin-when-cross-origin\" allowfullscreen><\/iframe>\n<\/div><\/figure>\n\n\n\n<p><\/p>\n\n\n\n<p>Id\u0151z\u0151<\/p>\n\n\n\n<figure class=\"wp-block-embed aligncenter is-type-video is-provider-youtube wp-block-embed-youtube wp-embed-aspect-4-3 wp-has-aspect-ratio\"><div class=\"wp-block-embed__wrapper\">\n<iframe loading=\"lazy\" title=\"hasznosJ - Id\u0151z\u0151\" width=\"530\" height=\"398\" src=\"https:\/\/www.youtube.com\/embed\/5yfYeQ2J2o0?feature=oembed\" frameborder=\"0\" allow=\"accelerometer; autoplay; clipboard-write; encrypted-media; gyroscope; picture-in-picture; web-share\" referrerpolicy=\"strict-origin-when-cross-origin\" allowfullscreen><\/iframe>\n<\/div><\/figure>\n\n\n\n<p>SzelektIv\u00e1n<\/p>\n\n\n\n<figure class=\"wp-block-embed aligncenter is-type-video is-provider-youtube wp-block-embed-youtube wp-embed-aspect-4-3 wp-has-aspect-ratio\"><div class=\"wp-block-embed__wrapper\">\n<iframe loading=\"lazy\" title=\"hasznosJ - SzelektIv\u00e1n\" width=\"530\" height=\"398\" src=\"https:\/\/www.youtube.com\/embed\/Ppou9ZzLUiA?feature=oembed\" frameborder=\"0\" allow=\"accelerometer; autoplay; clipboard-write; encrypted-media; gyroscope; picture-in-picture; web-share\" referrerpolicy=\"strict-origin-when-cross-origin\" allowfullscreen><\/iframe>\n<\/div><\/figure>\n","protected":false},"excerpt":{"rendered":"<p>Csonti Id\u0151z\u0151 SzelektIv\u00e1n<\/p>\n","protected":false},"author":1,"featured_media":0,"parent":0,"menu_order":0,"comment_status":"closed","ping_status":"closed","template":"page-fullwidth.php","meta":{"footnotes":""},"class_list":["post-1184","page","type-page","status-publish","hentry"],"_links":{"self":[{"href":"https:\/\/hasznosjatek.hu\/lap\/wp-json\/wp\/v2\/pages\/1184","targetHints":{"allow":["GET"]}}],"collection":[{"href":"https:\/\/hasznosjatek.hu\/lap\/wp-json\/wp\/v2\/pages"}],"about":[{"href":"https:\/\/hasznosjatek.hu\/lap\/wp-json\/wp\/v2\/types\/page"}],"author":[{"embeddable":true,"href":"https:\/\/hasznosjatek.hu\/lap\/wp-json\/wp\/v2\/users\/1"}],"replies":[{"embeddable":true,"href":"https:\/\/hasznosjatek.hu\/lap\/wp-json\/wp\/v2\/comments?post=1184"}],"version-history":[{"count":3,"href":"https:\/\/hasznosjatek.hu\/lap\/wp-json\/wp\/v2\/pages\/1184\/revisions"}],"predecessor-version":[{"id":1335,"href":"https:\/\/hasznosjatek.hu\/lap\/wp-json\/wp\/v2\/pages\/1184\/revisions\/1335"}],"wp:attachment":[{"href":"https:\/\/hasznosjatek.hu\/lap\/wp-json\/wp\/v2\/media?parent=1184"}],"curies":[{"name":"wp","href":"https:\/\/api.w.org\/{rel}","templated":true}]}}