{"id":1244,"date":"2023-03-28T16:38:15","date_gmt":"2023-03-28T16:38:15","guid":{"rendered":"https:\/\/hasznosjatek.hu\/lap\/?page_id=1244"},"modified":"2023-03-28T16:43:33","modified_gmt":"2023-03-28T16:43:33","slug":"fatraki","status":"publish","type":"page","link":"https:\/\/hasznosjatek.hu\/lap\/product\/egyen-ajandektargyak\/fatraki\/","title":{"rendered":"FaTraki"},"content":{"rendered":"\n<p>Egyediek, kedvesek, sokan vannak. Mindegyik\u00fck igazi egy\u00e9nis\u00e9g.<\/p>\n\n\n\n<p>Ami k\u00f6z\u00f6s benn\u00fck:<\/p>\n\n\n\n<ul class=\"wp-block-list\">\n<li>vid\u00e1man gurulnak, de k\u00f6nnyen t\u00f6rnek (Ink\u00e1bb d\u00edszt\u00e1rgy, mint haszn\u00e1lati.)<\/li>\n\n\n\n<li>szeretettel, apr\u00f3 r\u00e9szekb\u0151l, faragaszt\u00f3val k\u00e9sz\u00fclnek<\/li>\n\n\n\n<li>fentiek miatt 3 \u00e9ven aluliaknak nem adhat\u00f3ak<\/li>\n\n\n\n<li>magass\u00e1guk 8 cm, hossz\u00fas\u00e1guk 11,5 cm<\/li>\n\n\n\n<li>keresik \u00faj csal\u00e1djukat<\/li>\n<\/ul>\n\n\n\n<p><\/p>\n\n\n\n<style id=\"bwg-style-0\">    #bwg_container1_0 #bwg_container2_0 .bwg-container-0.bwg-standard-thumbnails {      width: 1254px;              justify-content: center;        margin:0 auto !important;              background-color: rgba(255, 255, 255, 0.00);            padding-left: 4px;      padding-top: 4px;      max-width: 100%;            }        #bwg_container1_0 #bwg_container2_0 .bwg-container-0.bwg-standard-thumbnails .bwg-item {    justify-content: flex-start;      max-width: 250px;          }    #bwg_container1_0 #bwg_container2_0 .bwg-container-0.bwg-standard-thumbnails .bwg-item a {       margin-right: 4px;       margin-bottom: 4px;    }    #bwg_container1_0 #bwg_container2_0 .bwg-container-0.bwg-standard-thumbnails .bwg-item0 {      padding: 0px;            background-color:rgba(0,0,0, 0.30);      border: 0px none #CCCCCC;      opacity: 1.00;      border-radius: 0;      box-shadow: ;    }    #bwg_container1_0 #bwg_container2_0 .bwg-container-0.bwg-standard-thumbnails .bwg-item1 img {      max-height: none;      max-width: none;      padding: 0 !important;    }         @media only screen and (min-width: 480px) {\t\t#bwg_container1_0 #bwg_container2_0 .bwg-container-0.bwg-standard-thumbnails .bwg-item1 img {\t\t\t-webkit-transition: all .3s; transition: all .3s;\t\t}\t\t#bwg_container1_0 #bwg_container2_0 .bwg-container-0.bwg-standard-thumbnails .bwg-item1 img:hover {\t\t\t-ms-transform: scale(1.08);\t\t\t-webkit-transform: scale(1.08);\t\t\ttransform: scale(1.08);\t\t}\t\t      }\t    #bwg_container1_0 #bwg_container2_0 .bwg-container-0.bwg-standard-thumbnails .bwg-item1 {      padding-top: 56%;    }        #bwg_container1_0 #bwg_container2_0 .bwg-container-0.bwg-standard-thumbnails .bwg-title2,    #bwg_container1_0 #bwg_container2_0 .bwg-container-0.bwg-standard-thumbnails .bwg-ecommerce2 {      color: #323A45;      font-family: Ubuntu;      font-size: 16px;      font-weight: bold;      padding: 2px;      text-shadow: ;      max-height: 100%;    }    #bwg_container1_0 #bwg_container2_0 .bwg-container-0.bwg-standard-thumbnails .bwg-thumb-description span {    color: #323A45;    font-family: Ubuntu;    font-size: 12px;    max-height: 100%;    word-wrap: break-word;    }    #bwg_container1_0 #bwg_container2_0 .bwg-container-0.bwg-standard-thumbnails .bwg-play-icon2 {      font-size: 32px;    }    #bwg_container1_0 #bwg_container2_0 .bwg-container-0.bwg-standard-thumbnails .bwg-ecommerce2 {      font-size: 19.2px;      color: #323A45;    }    <\/style>    <div id=\"bwg_container1_0\"         class=\"bwg_container bwg_thumbnail bwg_thumbnails \"         data-right-click-protection=\"0\"         data-bwg=\"0\"         data-scroll=\"0\"         data-gallery-type=\"thumbnails\"         data-gallery-view-type=\"thumbnails\"         data-current-url=\"\/lap\/wp-json\/wp\/v2\/pages\/1244\"         data-lightbox-url=\"https:\/\/hasznosjatek.hu\/lap\/wp-admin\/admin-ajax.php?action=GalleryBox&#038;current_view=0&#038;gallery_id=70&#038;tag=0&#038;theme_id=1&#038;shortcode_id=142&#038;sort_by=order&#038;order_by=asc&#038;current_url=%2Flap%2Fwp-json%2Fwp%2Fv2%2Fpages%2F1244\"         data-gallery-id=\"70\"         data-popup-width=\"800\"         data-popup-height=\"500\"         data-is-album=\"gallery\"         data-buttons-position=\"bottom\">      <div id=\"bwg_container2_0\">             <div id=\"ajax_loading_0\" class=\"bwg_loading_div_1\">      <div class=\"bwg_loading_div_2\">        <div class=\"bwg_loading_div_3\">          <div id=\"loading_div_0\" class=\"bwg_spider_ajax_loading\">          <\/div>        <\/div>      <\/div>    <\/div>            <form id=\"gal_front_form_0\"              class=\"bwg-hidden\"              method=\"post\"              action=\"#\"              data-current=\"0\"              data-shortcode-id=\"142\"              data-gallery-type=\"thumbnails\"              data-gallery-id=\"70\"              data-tag=\"0\"              data-album-id=\"0\"              data-theme-id=\"1\"              data-ajax-url=\"https:\/\/hasznosjatek.hu\/lap\/wp-admin\/admin-ajax.php?action=bwg_frontend_data\">          <div id=\"bwg_container3_0\" class=\"bwg-background bwg-background-0\">                <div data-max-count=\"5\"         data-thumbnail-width=\"250\"         data-bwg=\"0\"         data-gallery-id=\"70\"         data-lightbox-url=\"https:\/\/hasznosjatek.hu\/lap\/wp-admin\/admin-ajax.php?action=GalleryBox&amp;current_view=0&amp;gallery_id=70&amp;tag=0&amp;theme_id=1&amp;shortcode_id=142&amp;sort_by=order&amp;order_by=asc&amp;current_url=%2Flap%2Fwp-json%2Fwp%2Fv2%2Fpages%2F1244\"         id=\"bwg_thumbnails_0\"         class=\"bwg-container-0 bwg-thumbnails bwg-standard-thumbnails bwg-container bwg-border-box\">            <div class=\"bwg-item\">        <a class=\"bwg-a  bwg_lightbox\"  data-image-id=\"566\" href=\"https:\/\/hasznosjatek.hu\/lap\/wp-content\/uploads\/photo-gallery\/FaTraki\/1.-fokep.jpg?bwg=1680021574\" data-elementor-open-lightbox=\"no\">                <div class=\"bwg-item0 \">          <div class=\"bwg-item1 \">            <div class=\"bwg-item2\">              <img decoding=\"async\" class=\"skip-lazy bwg_standart_thumb_img_0 \"                   data-id=\"566\"                   data-width=\"500.00\"                   data-height=\"375.00\"                   data-src=\"https:\/\/hasznosjatek.hu\/lap\/wp-content\/uploads\/photo-gallery\/FaTraki\/thumb\/1.-fokep.jpg?bwg=1680021574\"                   src=\"https:\/\/hasznosjatek.hu\/lap\/wp-content\/uploads\/photo-gallery\/FaTraki\/thumb\/1.-fokep.jpg?bwg=1680021574\"                   alt=\"1.-fokep\"                   title=\"1.-fokep\" \/>            <\/div>            <div class=\"\">                                                      <\/div>          <\/div>        <\/div>                        <\/a>              <\/div>            <div class=\"bwg-item\">        <a class=\"bwg-a  bwg_lightbox\"  data-image-id=\"567\" href=\"https:\/\/hasznosjatek.hu\/lap\/wp-content\/uploads\/photo-gallery\/FaTraki\/280520674_325351916425587_8303034020860925455_n.jpg?bwg=1680021574\" data-elementor-open-lightbox=\"no\">                <div class=\"bwg-item0 \">          <div class=\"bwg-item1 \">            <div class=\"bwg-item2\">              <img decoding=\"async\" class=\"skip-lazy bwg_standart_thumb_img_0 \"                   data-id=\"567\"                   data-width=\"500.00\"                   data-height=\"350.00\"                   data-src=\"https:\/\/hasznosjatek.hu\/lap\/wp-content\/uploads\/photo-gallery\/FaTraki\/thumb\/280520674_325351916425587_8303034020860925455_n.jpg?bwg=1680021574\"                   src=\"https:\/\/hasznosjatek.hu\/lap\/wp-content\/uploads\/photo-gallery\/FaTraki\/thumb\/280520674_325351916425587_8303034020860925455_n.jpg?bwg=1680021574\"                   alt=\"280520674 325351916425587 8303034020860925455 n\"                   title=\"280520674 325351916425587 8303034020860925455 n\" \/>            <\/div>            <div class=\"\">                                                      <\/div>          <\/div>        <\/div>                        <\/a>              <\/div>            <div class=\"bwg-item\">        <a class=\"bwg-a  bwg_lightbox\"  data-image-id=\"568\" href=\"https:\/\/hasznosjatek.hu\/lap\/wp-content\/uploads\/photo-gallery\/FaTraki\/280497083_325351899758922_6602425320902542426_n.jpg?bwg=1680021574\" data-elementor-open-lightbox=\"no\">                <div class=\"bwg-item0 \">          <div class=\"bwg-item1 \">            <div class=\"bwg-item2\">              <img decoding=\"async\" class=\"skip-lazy bwg_standart_thumb_img_0 \"                   data-id=\"568\"                   data-width=\"500.00\"                   data-height=\"357.00\"                   data-src=\"https:\/\/hasznosjatek.hu\/lap\/wp-content\/uploads\/photo-gallery\/FaTraki\/thumb\/280497083_325351899758922_6602425320902542426_n.jpg?bwg=1680021574\"                   src=\"https:\/\/hasznosjatek.hu\/lap\/wp-content\/uploads\/photo-gallery\/FaTraki\/thumb\/280497083_325351899758922_6602425320902542426_n.jpg?bwg=1680021574\"                   alt=\"280497083 325351899758922 6602425320902542426 n\"                   title=\"280497083 325351899758922 6602425320902542426 n\" \/>            <\/div>            <div class=\"\">                                                      <\/div>          <\/div>        <\/div>                        <\/a>              <\/div>            <div class=\"bwg-item\">        <a class=\"bwg-a  bwg_lightbox\"  data-image-id=\"569\" href=\"https:\/\/hasznosjatek.hu\/lap\/wp-content\/uploads\/photo-gallery\/FaTraki\/280512208_325351813092264_1252422157500820668_n.jpg?bwg=1680021574\" data-elementor-open-lightbox=\"no\">                <div class=\"bwg-item0 \">          <div class=\"bwg-item1 \">            <div class=\"bwg-item2\">              <img decoding=\"async\" class=\"skip-lazy bwg_standart_thumb_img_0 \"                   data-id=\"569\"                   data-width=\"500.00\"                   data-height=\"397.00\"                   data-src=\"https:\/\/hasznosjatek.hu\/lap\/wp-content\/uploads\/photo-gallery\/FaTraki\/thumb\/280512208_325351813092264_1252422157500820668_n.jpg?bwg=1680021574\"                   src=\"https:\/\/hasznosjatek.hu\/lap\/wp-content\/uploads\/photo-gallery\/FaTraki\/thumb\/280512208_325351813092264_1252422157500820668_n.jpg?bwg=1680021574\"                   alt=\"280512208 325351813092264 1252422157500820668 n\"                   title=\"280512208 325351813092264 1252422157500820668 n\" \/>            <\/div>            <div class=\"\">                                                      <\/div>          <\/div>        <\/div>                        <\/a>              <\/div>            <div class=\"bwg-item\">        <a class=\"bwg-a  bwg_lightbox\"  data-image-id=\"570\" href=\"https:\/\/hasznosjatek.hu\/lap\/wp-content\/uploads\/photo-gallery\/FaTraki\/280536068_325351843092261_2937688756387431741_n.jpg?bwg=1680021574\" data-elementor-open-lightbox=\"no\">                <div class=\"bwg-item0 \">          <div class=\"bwg-item1 \">            <div class=\"bwg-item2\">              <img decoding=\"async\" class=\"skip-lazy bwg_standart_thumb_img_0 \"                   data-id=\"570\"                   data-width=\"500.00\"                   data-height=\"481.00\"                   data-src=\"https:\/\/hasznosjatek.hu\/lap\/wp-content\/uploads\/photo-gallery\/FaTraki\/thumb\/280536068_325351843092261_2937688756387431741_n.jpg?bwg=1680021574\"                   src=\"https:\/\/hasznosjatek.hu\/lap\/wp-content\/uploads\/photo-gallery\/FaTraki\/thumb\/280536068_325351843092261_2937688756387431741_n.jpg?bwg=1680021574\"                   alt=\"280536068 325351843092261 2937688756387431741 n\"                   title=\"280536068 325351843092261 2937688756387431741 n\" \/>            <\/div>            <div class=\"\">                                                      <\/div>          <\/div>        <\/div>                        <\/a>              <\/div>            <div class=\"bwg-item\">        <a class=\"bwg-a  bwg_lightbox\"  data-image-id=\"571\" href=\"https:\/\/hasznosjatek.hu\/lap\/wp-content\/uploads\/photo-gallery\/FaTraki\/280543005_325350809759031_2362603424324645602_n.jpg?bwg=1680021574\" data-elementor-open-lightbox=\"no\">                <div class=\"bwg-item0 \">          <div class=\"bwg-item1 \">            <div class=\"bwg-item2\">              <img decoding=\"async\" class=\"skip-lazy bwg_standart_thumb_img_0 \"                   data-id=\"571\"                   data-width=\"500.00\"                   data-height=\"270.00\"                   data-src=\"https:\/\/hasznosjatek.hu\/lap\/wp-content\/uploads\/photo-gallery\/FaTraki\/thumb\/280543005_325350809759031_2362603424324645602_n.jpg?bwg=1680021574\"                   src=\"https:\/\/hasznosjatek.hu\/lap\/wp-content\/uploads\/photo-gallery\/FaTraki\/thumb\/280543005_325350809759031_2362603424324645602_n.jpg?bwg=1680021574\"                   alt=\"280543005 325350809759031 2362603424324645602 n\"                   title=\"280543005 325350809759031 2362603424324645602 n\" \/>            <\/div>            <div class=\"\">                                                      <\/div>          <\/div>        <\/div>                        <\/a>              <\/div>            <div class=\"bwg-item\">        <a class=\"bwg-a  bwg_lightbox\"  data-image-id=\"572\" href=\"https:\/\/hasznosjatek.hu\/lap\/wp-content\/uploads\/photo-gallery\/FaTraki\/280553083_325351716425607_8864343376689826787_n.jpg?bwg=1680021574\" data-elementor-open-lightbox=\"no\">                <div class=\"bwg-item0 \">          <div class=\"bwg-item1 \">            <div class=\"bwg-item2\">              <img decoding=\"async\" class=\"skip-lazy bwg_standart_thumb_img_0 \"                   data-id=\"572\"                   data-width=\"500.00\"                   data-height=\"435.00\"                   data-src=\"https:\/\/hasznosjatek.hu\/lap\/wp-content\/uploads\/photo-gallery\/FaTraki\/thumb\/280553083_325351716425607_8864343376689826787_n.jpg?bwg=1680021574\"                   src=\"https:\/\/hasznosjatek.hu\/lap\/wp-content\/uploads\/photo-gallery\/FaTraki\/thumb\/280553083_325351716425607_8864343376689826787_n.jpg?bwg=1680021574\"                   alt=\"280553083 325351716425607 8864343376689826787 n\"                   title=\"280553083 325351716425607 8864343376689826787 n\" \/>            <\/div>            <div class=\"\">                                                      <\/div>          <\/div>        <\/div>                        <\/a>              <\/div>            <div class=\"bwg-item\">        <a class=\"bwg-a  bwg_lightbox\"  data-image-id=\"573\" href=\"https:\/\/hasznosjatek.hu\/lap\/wp-content\/uploads\/photo-gallery\/FaTraki\/280724750_325351859758926_7046069134814032216_n.jpg?bwg=1680021574\" data-elementor-open-lightbox=\"no\">                <div class=\"bwg-item0 \">          <div class=\"bwg-item1 \">            <div class=\"bwg-item2\">              <img decoding=\"async\" class=\"skip-lazy bwg_standart_thumb_img_0 \"                   data-id=\"573\"                   data-width=\"500.00\"                   data-height=\"369.00\"                   data-src=\"https:\/\/hasznosjatek.hu\/lap\/wp-content\/uploads\/photo-gallery\/FaTraki\/thumb\/280724750_325351859758926_7046069134814032216_n.jpg?bwg=1680021574\"                   src=\"https:\/\/hasznosjatek.hu\/lap\/wp-content\/uploads\/photo-gallery\/FaTraki\/thumb\/280724750_325351859758926_7046069134814032216_n.jpg?bwg=1680021574\"                   alt=\"280724750 325351859758926 7046069134814032216 n\"                   title=\"280724750 325351859758926 7046069134814032216 n\" \/>            <\/div>            <div class=\"\">                                                      <\/div>          <\/div>        <\/div>                        <\/a>              <\/div>            <div class=\"bwg-item\">        <a class=\"bwg-a  bwg_lightbox\"  data-image-id=\"574\" href=\"https:\/\/hasznosjatek.hu\/lap\/wp-content\/uploads\/photo-gallery\/FaTraki\/280624335_325351773092268_8197244179825633257_n.jpg?bwg=1680021574\" data-elementor-open-lightbox=\"no\">                <div class=\"bwg-item0 \">          <div class=\"bwg-item1 \">            <div class=\"bwg-item2\">              <img decoding=\"async\" class=\"skip-lazy bwg_standart_thumb_img_0 \"                   data-id=\"574\"                   data-width=\"500.00\"                   data-height=\"375.00\"                   data-src=\"https:\/\/hasznosjatek.hu\/lap\/wp-content\/uploads\/photo-gallery\/FaTraki\/thumb\/280624335_325351773092268_8197244179825633257_n.jpg?bwg=1680021574\"                   src=\"https:\/\/hasznosjatek.hu\/lap\/wp-content\/uploads\/photo-gallery\/FaTraki\/thumb\/280624335_325351773092268_8197244179825633257_n.jpg?bwg=1680021574\"                   alt=\"280624335 325351773092268 8197244179825633257 n\"                   title=\"280624335 325351773092268 8197244179825633257 n\" \/>            <\/div>            <div class=\"\">                                                      <\/div>          <\/div>        <\/div>                        <\/a>              <\/div>            <div class=\"bwg-item\">        <a class=\"bwg-a  bwg_lightbox\"  data-image-id=\"575\" href=\"https:\/\/hasznosjatek.hu\/lap\/wp-content\/uploads\/photo-gallery\/FaTraki\/281045782_325351719758940_5785869396764006924_n.jpg?bwg=1680021574\" data-elementor-open-lightbox=\"no\">                <div class=\"bwg-item0 \">          <div class=\"bwg-item1 \">            <div class=\"bwg-item2\">              <img decoding=\"async\" class=\"skip-lazy bwg_standart_thumb_img_0 \"                   data-id=\"575\"                   data-width=\"500.00\"                   data-height=\"375.00\"                   data-src=\"https:\/\/hasznosjatek.hu\/lap\/wp-content\/uploads\/photo-gallery\/FaTraki\/thumb\/281045782_325351719758940_5785869396764006924_n.jpg?bwg=1680021574\"                   src=\"https:\/\/hasznosjatek.hu\/lap\/wp-content\/uploads\/photo-gallery\/FaTraki\/thumb\/281045782_325351719758940_5785869396764006924_n.jpg?bwg=1680021574\"                   alt=\"281045782 325351719758940 5785869396764006924 n\"                   title=\"281045782 325351719758940 5785869396764006924 n\" \/>            <\/div>            <div class=\"\">                                                      <\/div>          <\/div>        <\/div>                        <\/a>              <\/div>          <\/div>    <style>      \/*pagination styles*\/      #bwg_container1_0 #bwg_container2_0 .tablenav-pages_0 {\t\t\t\ttext-align: center;\t\t\t\tfont-size: 12px;\t\t\t\tfont-family: Ubuntu;\t\t\t\tfont-weight: bold;\t\t\t\tcolor: #666666;\t\t\t\tmargin: 6px 0 4px;\t\t\t\tdisplay: block;      }      @media only screen and (max-width : 320px) {      #bwg_container1_0 #bwg_container2_0 .displaying-num_0 {     \t display: none;      }      }      #bwg_container1_0 #bwg_container2_0 .displaying-num_0 {\t\t\t\tfont-size: 12px;\t\t\t\tfont-family: Ubuntu;\t\t\t\tfont-weight: bold;\t\t\t\tcolor: #666666;\t\t\t\tmargin-right: 10px;\t\t\t\tvertical-align: middle;      }      #bwg_container1_0 #bwg_container2_0 .paging-input_0 {\t\t\t\tfont-size: 12px;\t\t\t\tfont-family: Ubuntu;\t\t\t\tfont-weight: bold;\t\t\t\tcolor: #666666;\t\t\t\tvertical-align: middle;      }      #bwg_container1_0 #bwg_container2_0 .tablenav-pages_0 a.disabled,      #bwg_container1_0 #bwg_container2_0 .tablenav-pages_0 a.disabled:hover,      #bwg_container1_0 #bwg_container2_0 .tablenav-pages_0 a.disabled:focus,\t\t\t#bwg_container1_0 #bwg_container2_0 .tablenav-pages_0 input.bwg_current_page {\t\t\t\tcursor: default;\t\t\t\tcolor: rgba(102, 102, 102, 0.5);      }      #bwg_container1_0 #bwg_container2_0 .tablenav-pages_0 a,      #bwg_container1_0 #bwg_container2_0 .tablenav-pages_0 input.bwg_current_page {\t\t\t\tcursor: pointer;\t\t\t\ttext-align: center;\t\t\t\tfont-size: 12px;\t\t\t\tfont-family: Ubuntu;\t\t\t\tfont-weight: bold;\t\t\t\tcolor: #666666;\t\t\t\ttext-decoration: none;\t\t\t\tpadding: 3px 6px;\t\t\t\tmargin: 0;\t\t\t\tborder-radius: 0;\t\t\t\tborder-style: solid;\t\t\t\tborder-width: 1px;\t\t\t\tborder-color: #E3E3E3;\t\t\t\t\t\t\t\tbackground-color: rgba(255, 255, 255, 1.00);\t\t\t\tbox-shadow: 0;\t\t\t\ttransition: all 0.3s ease 0s;-webkit-transition: all 0.3s ease 0s;      }      <\/style>      <span class=\"bwg_nav_cont_0\">              <div class=\"tablenav-pages_0\">                  <\/div>                <input type=\"hidden\" id=\"page_number_0\" name=\"page_number_0\" value=\"1\" \/>      <script type=\"text\/javascript\">        if( jQuery('.bwg_nav_cont_0').length > 1 ) {          jQuery('.bwg_nav_cont_0').first().remove()        }        function spider_page_0(cur, x, y, load_more) {          if (typeof load_more == \"undefined\") {            var load_more = false;          }          if (jQuery(cur).hasClass('disabled')) {            return false;          }          var items_county_0 = 1;          switch (y) {            case 1:              if (x >= items_county_0) {                document.getElementById('page_number_0').value = items_county_0;              }              else {                document.getElementById('page_number_0').value = x + 1;              }              break;            case 2:              document.getElementById('page_number_0').value = items_county_0;              break;            case -1:              if (x == 1) {                document.getElementById('page_number_0').value = 1;              }              else {                document.getElementById('page_number_0').value = x - 1;              }              break;            case -2:              document.getElementById('page_number_0').value = 1;              break;\t\t\t\t\t\tcase 0:              document.getElementById('page_number_0').value = x;              break;            default:              document.getElementById('page_number_0').value = 1;          }          bwg_ajax('gal_front_form_0', '0', 'bwg_thumbnails_0', '0', '', 'gallery', 0, '', '', load_more, '', 1);        }                    jQuery('.first-page-0').on('click', function () {              spider_page_0(this, 1, -2, 'numeric');              return false;            });            jQuery('.prev-page-0').on('click', function () {              spider_page_0(this, 1, -1, 'numeric');              return false;            });            jQuery('.next-page-0').on('click', function () {              spider_page_0(this, 1, 1, 'numeric');              return false;            });            jQuery('.last-page-0').on('click', function () {              spider_page_0(this, 1, 2, 'numeric');              return false;            });        \t\t\t\t\/* Change page on input enter. *\/        function bwg_change_page_0( e, that ) {          if (  e.key == 'Enter' ) {            var to_page = parseInt(jQuery(that).val());            var pages_count = jQuery(that).parents(\".pagination-links\").data(\"pages-count\");            var current_url_param = jQuery(that).attr('data-url-info');            if (to_page > pages_count) {              to_page = 1;            }\t \t\t\t\t\t\t\t\t\t\t\t\tspider_page_0(this, to_page, 0, 'numeric');\t\t\t\t\t\t\treturn false;\t\t\t\t\t\t          }          return true;        }        jQuery('.bwg_load_btn_0').on('click', function () {            spider_page_0(this, 1, 1, true);            return false;        });      <\/script>      <\/span>                <\/div>        <\/form>        <style>          #bwg_container1_0 #bwg_container2_0 #spider_popup_overlay_0 {          background-color: #EEEEEE;          opacity: 0.60;          }          <\/style>        <div id=\"bwg_spider_popup_loading_0\" class=\"bwg_spider_popup_loading\"><\/div>        <div id=\"spider_popup_overlay_0\" class=\"spider_popup_overlay\" onclick=\"spider_destroypopup(1000)\"><\/div>        <input type=\"hidden\" id=\"bwg_random_seed_0\" value=\"1160787762\">                <\/div>    <\/div>    <script>      if (document.readyState === 'complete') {        if( typeof bwg_main_ready == 'function' ) {          if ( jQuery(\"#bwg_container1_0\").height() ) {            bwg_main_ready(jQuery(\"#bwg_container1_0\"));          }        }      } else {        document.addEventListener('DOMContentLoaded', function() {          if( typeof bwg_main_ready == 'function' ) {            if ( jQuery(\"#bwg_container1_0\").height() ) {             bwg_main_ready(jQuery(\"#bwg_container1_0\"));            }          }        });      }    <\/script>    \n\n\n\n<p><\/p>\n\n\n\n<p><strong>Term\u00e9k cikksz\u00e1ma: 20507<\/strong><\/p>\n\n\n\n<div class=\"wp-block-buttons has-custom-font-size has-small-font-size is-layout-flex wp-block-buttons-is-layout-flex\">\n<div class=\"wp-block-button has-custom-font-size is-style-fill has-small-font-size\"><a class=\"wp-block-button__link wp-element-button\" href=\"https:\/\/hasznosjatek.hu\/lap\/hasznosjatek-arak.pdf\" style=\"border-radius:6px\" target=\"_blank\" rel=\"noreferrer noopener\">\u00c1RLISTA<\/a><\/div>\n<\/div>\n","protected":false},"excerpt":{"rendered":"<p>Egyediek, kedvesek, sokan vannak. Mindegyik\u00fck igazi egy\u00e9nis\u00e9g. Ami k\u00f6z\u00f6s benn\u00fck: Term\u00e9k cikksz\u00e1ma: 20507<\/p>\n","protected":false},"author":1,"featured_media":0,"parent":619,"menu_order":0,"comment_status":"closed","ping_status":"closed","template":"page-fullwidth.php","meta":{"footnotes":""},"class_list":["post-1244","page","type-page","status-publish","hentry"],"_links":{"self":[{"href":"https:\/\/hasznosjatek.hu\/lap\/wp-json\/wp\/v2\/pages\/1244","targetHints":{"allow":["GET"]}}],"collection":[{"href":"https:\/\/hasznosjatek.hu\/lap\/wp-json\/wp\/v2\/pages"}],"about":[{"href":"https:\/\/hasznosjatek.hu\/lap\/wp-json\/wp\/v2\/types\/page"}],"author":[{"embeddable":true,"href":"https:\/\/hasznosjatek.hu\/lap\/wp-json\/wp\/v2\/users\/1"}],"replies":[{"embeddable":true,"href":"https:\/\/hasznosjatek.hu\/lap\/wp-json\/wp\/v2\/comments?post=1244"}],"version-history":[{"count":4,"href":"https:\/\/hasznosjatek.hu\/lap\/wp-json\/wp\/v2\/pages\/1244\/revisions"}],"predecessor-version":[{"id":1252,"href":"https:\/\/hasznosjatek.hu\/lap\/wp-json\/wp\/v2\/pages\/1244\/revisions\/1252"}],"up":[{"embeddable":true,"href":"https:\/\/hasznosjatek.hu\/lap\/wp-json\/wp\/v2\/pages\/619"}],"wp:attachment":[{"href":"https:\/\/hasznosjatek.hu\/lap\/wp-json\/wp\/v2\/media?parent=1244"}],"curies":[{"name":"wp","href":"https:\/\/api.w.org\/{rel}","templated":true}]}}