{"id":226,"date":"2021-05-17T09:33:47","date_gmt":"2021-05-17T09:33:47","guid":{"rendered":"https:\/\/hasznosjatek.hu\/lap\/?page_id=226"},"modified":"2025-04-15T07:12:38","modified_gmt":"2025-04-15T07:12:38","slug":"szamolasi-gondolkodast-fejleszto-jatekok","status":"publish","type":"page","link":"https:\/\/hasznosjatek.hu\/lap\/szamolasi-gondolkodast-fejleszto-jatekok\/","title":{"rendered":"Sz\u00e1mol\u00e1si gondolkod\u00e1st fejleszt\u0151 j\u00e1t\u00e9kok"},"content":{"rendered":"\n<figure class=\"wp-block-table is-style-stripes\"><table><tbody><tr><td class=\"has-text-align-right\" data-align=\"right\"><a href=\"https:\/\/hasznosjatek.hu\/lap\/finommotorikat-grafomotorikat-fejleszto-jatekok\/csipeszes-sun\/\">Csipeszes S\u00fcn<\/a><\/td><td>\n<a href=\"https:\/\/hasznosjatek.hu\/lap\/finommotorikat-grafomotorikat-fejleszto-jatekok\/csipeszes-sun\/\"> <img loading=\"lazy\" decoding=\"async\" src=\"https:\/\/hasznosjatek.hu\/lap\/pic04\/cssun.jpg\" width=\"200\" height=\"120\"> <\/a> <\/td><\/tr><tr><td class=\"has-text-align-right\" data-align=\"right\"><a href=\"https:\/\/hasznosjatek.hu\/lap\/finommotorikat-grafomotorikat-fejleszto-jatekok\/csipeszes-hod\/\">Csipeszes H\u00f3d<\/a><\/td><td>\n<a href=\"https:\/\/hasznosjatek.hu\/lap\/finommotorikat-grafomotorikat-fejleszto-jatekok\/csipeszes-hod\/\"> <img loading=\"lazy\" decoding=\"async\" src=\"https:\/\/hasznosjatek.hu\/lap\/pic04\/cshod.jpg\" width=\"200\" height=\"120\"> <\/a> <\/td><\/tr><tr><td class=\"has-text-align-right\" data-align=\"right\"><a href=\"https:\/\/hasznosjatek.hu\/lap\/szamolasi-gondolkodast-fejleszto-jatekok\/csipeszes-mokus\/\">Csipeszes M\u00f3kus<\/a><\/td><td>\n<a href=\"https:\/\/hasznosjatek.hu\/lap\/szamolasi-gondolkodast-fejleszto-jatekok\/csipeszes-mokus\/\"> <img loading=\"lazy\" decoding=\"async\" src=\"https:\/\/hasznosjatek.hu\/lap\/pic08\/11cs-mokus.jpg\" width=\"200\" height=\"120\"> <\/a> <\/td><\/tr>\n\n<tr><td class=\"has-text-align-right\" data-align=\"right\"><a href=\"https:\/\/hasznosjatek.hu\/lap\/miru-nyuszis-szamkirako\/\">MIRU Nyuszis sz\u00e1mkirak\u00f3<\/a><\/td><td>\n<a href=\"https:\/\/hasznosjatek.hu\/lap\/miru-nyuszis-szamkirako\/\"> <img loading=\"lazy\" decoding=\"async\" src=\"https:\/\/hasznosjatek.hu\/lap\/pic01\/01_01szam-index\/01-01-05miru.jpg\" width=\"200\" height=\"120\"> <\/a><\/td><\/tr><tr><td class=\"has-text-align-right\" data-align=\"right\"><a href=\"https:\/\/hasznosjatek.hu\/lap\/szampizza\/\">Sz\u00e1mpizza<\/a><\/td><td><a href=\"https:\/\/hasznosjatek.hu\/lap\/szampizza\/\"> <img loading=\"lazy\" decoding=\"async\" src=\"https:\/\/hasznosjatek.hu\/lap\/pic01\/01_01szam-index\/01-01-06pizza.jpg\" width=\"200\" height=\"120\"> <\/a>\n<\/td><\/tr><tr><td class=\"has-text-align-right\" data-align=\"right\"><a href=\"https:\/\/hasznosjatek.hu\/lap\/finommotorikat-grafomotorikat-fejleszto-jatekok\/szorzo-virag\/\">Szorz\u00f3 vir\u00e1g<\/a><\/td><td>\n<a href=\"https:\/\/hasznosjatek.hu\/lap\/finommotorikat-grafomotorikat-fejleszto-jatekok\/szorzo-virag\/\"> <img loading=\"lazy\" decoding=\"async\" src=\"https:\/\/hasznosjatek.hu\/lap\/pic04\/szvirag.jpg\" width=\"200\" height=\"120\"> <\/a>\n<\/td><\/tr><tr><td class=\"has-text-align-right\" data-align=\"right\"><a href=\"https:\/\/hasznosjatek.hu\/lap\/tina-katicas-szamkirako\/\">TINA katic\u00e1s sz\u00e1mkirak\u00f3<\/a><\/td><td>\n<a href=\"https:\/\/hasznosjatek.hu\/lap\/tina-katicas-szamkirako\/\"> <img loading=\"lazy\" decoding=\"async\" src=\"https:\/\/hasznosjatek.hu\/lap\/pic01\/01_01szam-index\/01-01-07tina.jpg\" width=\"200\" height=\"120\"> <\/a>\n<\/td><\/tr><tr><td class=\"has-text-align-right\" data-align=\"right\"><a href=\"https:\/\/hasznosjatek.hu\/lap\/szamolasi-gondolkodast-fejleszto-jatekok\/tortek-tanulasi-segedlet\/\">T\u00f6rtek &#8211; Tanul\u00e1si seg\u00e9dlet<\/a><\/td><td>\n<a href=\"https:\/\/hasznosjatek.hu\/lap\/szamolasi-gondolkodast-fejleszto-jatekok\/tortek-tanulasi-segedlet\/\"> <img loading=\"lazy\" decoding=\"async\" src=\"https:\/\/hasznosjatek.hu\/lap\/pic09\/tortek.jpg\" width=\"200\" height=\"120\"> <\/a>\n<\/td><\/tr>\n\n\n<tr><td class=\"has-text-align-right\" data-align=\"right\"><a href=\"https:\/\/hasznosjatek.hu\/lap\/szamolasi-gondolkodast-fejleszto-jatekok\/szamszurka\/\">Sz\u00e1mszurka<\/a><\/td><td>\n<a href=\"https:\/\/hasznosjatek.hu\/lap\/szamolasi-gondolkodast-fejleszto-jatekok\/szamszurka\/\"> <img loading=\"lazy\" decoding=\"async\" src=\"https:\/\/hasznosjatek.hu\/lap\/pic12\/07.jpg\" width=\"200\" height=\"120\"> <\/a>\n<\/td><\/tr><tr><td class=\"has-text-align-right\" data-align=\"right\"><a href=\"https:\/\/hasznosjatek.hu\/lap\/szamolasi-gondolkodast-fejleszto-jatekok\/szorzotabla\/\">Szorz\u00f3t\u00e1bla<\/a><\/td><td>\n<a href=\"https:\/\/hasznosjatek.hu\/lap\/szamolasi-gondolkodast-fejleszto-jatekok\/szorzotabla\/\"> <img loading=\"lazy\" decoding=\"async\" src=\"https:\/\/hasznosjatek.hu\/lap\/pic12\/08.jpg\" width=\"200\" height=\"120\"> <\/a>\n<\/td><\/tr><\/tbody><\/table><\/figure>\n\n\n\n<p><\/p>\n\n\n\n<div class=\"wp-block-buttons is-layout-flex wp-block-buttons-is-layout-flex\"><\/div>\n\n\n\n<div class=\"wp-block-buttons is-layout-flex wp-block-buttons-is-layout-flex\"><\/div>\n\n\n\n<div class=\"wp-block-buttons is-layout-flex wp-block-buttons-is-layout-flex\"><\/div>\n\n\n\n<div class=\"wp-block-buttons is-layout-flex wp-block-buttons-is-layout-flex\"><\/div>\n\n\n\n<div class=\"wp-block-buttons is-layout-flex wp-block-buttons-is-layout-flex\"><\/div>\n\n\n\n<div class=\"wp-block-buttons is-layout-flex wp-block-buttons-is-layout-flex\"><\/div>\n\n\n\n<div class=\"wp-block-buttons is-layout-flex wp-block-buttons-is-layout-flex\"><\/div>\n\n\n\n<div class=\"wp-block-buttons is-layout-flex wp-block-buttons-is-layout-flex\"><\/div>\n\n\n\n<div class=\"wp-block-buttons is-layout-flex wp-block-buttons-is-layout-flex\">\n<div class=\"wp-block-button has-custom-width wp-block-button__width-100\"><a class=\"wp-block-button__link no-border-radius wp-element-button\" href=\"https:\/\/hasznosjatek.hu\/lap\/about\/\">J\u00c1T\u00c9K KATEG\u00d3RIA<\/a><\/div>\n<\/div>\n","protected":false},"excerpt":{"rendered":"<p>Csipeszes S\u00fcn Csipeszes H\u00f3d Csipeszes M\u00f3kus MIRU Nyuszis sz\u00e1mkirak\u00f3 Sz\u00e1mpizza Szorz\u00f3 vir\u00e1g TINA katic\u00e1s sz\u00e1mkirak\u00f3 T\u00f6rtek &#8211; Tanul\u00e1si seg\u00e9dlet Sz\u00e1mszurka Szorz\u00f3t\u00e1bla<\/p>\n","protected":false},"author":1,"featured_media":0,"parent":0,"menu_order":0,"comment_status":"closed","ping_status":"closed","template":"page-fullwidth.php","meta":{"footnotes":""},"class_list":["post-226","page","type-page","status-publish","hentry"],"_links":{"self":[{"href":"https:\/\/hasznosjatek.hu\/lap\/wp-json\/wp\/v2\/pages\/226","targetHints":{"allow":["GET"]}}],"collection":[{"href":"https:\/\/hasznosjatek.hu\/lap\/wp-json\/wp\/v2\/pages"}],"about":[{"href":"https:\/\/hasznosjatek.hu\/lap\/wp-json\/wp\/v2\/types\/page"}],"author":[{"embeddable":true,"href":"https:\/\/hasznosjatek.hu\/lap\/wp-json\/wp\/v2\/users\/1"}],"replies":[{"embeddable":true,"href":"https:\/\/hasznosjatek.hu\/lap\/wp-json\/wp\/v2\/comments?post=226"}],"version-history":[{"count":47,"href":"https:\/\/hasznosjatek.hu\/lap\/wp-json\/wp\/v2\/pages\/226\/revisions"}],"predecessor-version":[{"id":1374,"href":"https:\/\/hasznosjatek.hu\/lap\/wp-json\/wp\/v2\/pages\/226\/revisions\/1374"}],"wp:attachment":[{"href":"https:\/\/hasznosjatek.hu\/lap\/wp-json\/wp\/v2\/media?parent=226"}],"curies":[{"name":"wp","href":"https:\/\/api.w.org\/{rel}","templated":true}]}}