{"id":229,"date":"2021-05-17T09:34:37","date_gmt":"2021-05-17T09:34:37","guid":{"rendered":"https:\/\/hasznosjatek.hu\/lap\/?page_id=229"},"modified":"2023-10-26T07:34:06","modified_gmt":"2023-10-26T07:34:06","slug":"finommotorikat-grafomotorikat-fejleszto-jatekok","status":"publish","type":"page","link":"https:\/\/hasznosjatek.hu\/lap\/finommotorikat-grafomotorikat-fejleszto-jatekok\/","title":{"rendered":"Finommotorik\u00e1t &#8211; grafomotorik\u00e1t fejleszt\u0151 j\u00e1t\u00e9kok"},"content":{"rendered":"\n<figure class=\"wp-block-table is-style-stripes\"><table><tbody><tr><td class=\"has-text-align-right\" data-align=\"right\"><a href=\"https:\/\/hasznosjatek.hu\/lap\/allatos-parkereso\/\">\u00c1llatos p\u00e1rkeres\u0151<\/a><\/td><td><a href=\"https:\/\/hasznosjatek.hu\/lap\/allatos-parkereso\/\"> <img loading=\"lazy\" decoding=\"async\" src=\"https:\/\/hasznosjatek.hu\/lap\/pic01\/01_02finom-index\/01_02_01allatosp.jpg\" width=\"200\" height=\"120\"> <\/a> <\/td><\/tr><tr><td class=\"has-text-align-right\" data-align=\"right\"><a href=\"https:\/\/hasznosjatek.hu\/lap\/finommotorikat-grafomotorikat-fejleszto-jatekok\/beno-fuzos-fa\/\">Ben\u0151 f\u0171z\u0151s fa<\/a><\/td><td><a href=\"https:\/\/hasznosjatek.hu\/lap\/finommotorikat-grafomotorikat-fejleszto-jatekok\/beno-fuzos-fa\/\"> <img loading=\"lazy\" decoding=\"async\" src=\"https:\/\/hasznosjatek.hu\/lap\/pic05\/benoffa.jpg\" width=\"200\" height=\"120\"> <\/a> <\/td><\/tr><tr><td class=\"has-text-align-right\" data-align=\"right\"><a href=\"https:\/\/hasznosjatek.hu\/lap\/finommotorikat-grafomotorikat-fejleszto-jatekok\/boki-fuzos-suni\/\">B\u00f6ki f\u0171z\u0151s s\u00fcni<\/a><\/td><td><a href=\"https:\/\/hasznosjatek.hu\/lap\/finommotorikat-grafomotorikat-fejleszto-jatekok\/boki-fuzos-suni\/\"> <img loading=\"lazy\" decoding=\"async\" src=\"https:\/\/hasznosjatek.hu\/lap\/pic05\/bfsuni.jpg\" width=\"200\" height=\"120\"> <\/a> <\/td><\/tr><tr><td class=\"has-text-align-right\" data-align=\"right\"><a href=\"https:\/\/hasznosjatek.hu\/lap\/finommotorikat-grafomotorikat-fejleszto-jatekok\/labnyomok-a-haz-korul\/\">L\u00e1bnyomok a h\u00e1z k\u00f6r\u00fcl<\/a><\/td><td>\n<a href=\"https:\/\/hasznosjatek.hu\/lap\/finommotorikat-grafomotorikat-fejleszto-jatekok\/labnyomok-a-haz-korul\/\"> <img loading=\"lazy\" decoding=\"async\" src=\"https:\/\/hasznosjatek.hu\/lap\/pic05\/labnyomokhk.jpg\" width=\"200\" height=\"120\"> <\/a> \n<\/td><\/tr><tr><td class=\"has-text-align-right\" data-align=\"right\"><a href=\"https:\/\/hasznosjatek.hu\/lap\/finommotorikat-grafomotorikat-fejleszto-jatekok\/labnyomok-az-erdoben\/\">L\u00e1bnyomok az erd\u0151ben <\/a><\/td><td>\n<a href=\"https:\/\/hasznosjatek.hu\/lap\/finommotorikat-grafomotorikat-fejleszto-jatekok\/labnyomok-az-erdoben\/\"> <img loading=\"lazy\" decoding=\"async\" src=\"https:\/\/hasznosjatek.hu\/lap\/pic05\/labnyomoke.jpg\" width=\"200\" height=\"120\"> <\/a> \n<\/td><\/tr><tr><td class=\"has-text-align-right\" data-align=\"right\"><a href=\"https:\/\/hasznosjatek.hu\/lap\/finommotorikat-grafomotorikat-fejleszto-jatekok\/formaberako-hangszerek\/\">Formaberak\u00f3 &#8211; Hangszerek <\/a><\/td><td>\n<a href=\"https:\/\/hasznosjatek.hu\/lap\/finommotorikat-grafomotorikat-fejleszto-jatekok\/formaberako-hangszerek\/\"> <img loading=\"lazy\" decoding=\"async\" src=\"https:\/\/hasznosjatek.hu\/lap\/pic08\/04f-hangsz.jpg\" width=\"200\" height=\"120\"> <\/a> \n<\/td><\/tr><tr><td class=\"has-text-align-right\" data-align=\"right\"><a href=\"https:\/\/hasznosjatek.hu\/lap\/finommotorikat-grafomotorikat-fejleszto-jatekok\/formaberako-munkagepek\/\">Formaberak\u00f3 &#8211; Munkag\u00e9pek<\/a><\/td><td>\n<a href=\"https:\/\/hasznosjatek.hu\/lap\/finommotorikat-grafomotorikat-fejleszto-jatekok\/formaberako-munkagepek\/\"> <img loading=\"lazy\" decoding=\"async\" src=\"https:\/\/hasznosjatek.hu\/lap\/pic08\/05f-munkag.jpg\" width=\"200\" height=\"120\"> <\/a> \n<\/td><\/tr><tr><td class=\"has-text-align-right\" data-align=\"right\"><a href=\"https:\/\/hasznosjatek.hu\/lap\/finommotorikat-grafomotorikat-fejleszto-jatekok\/formaberako-zenei-jelek\/\">Formaberak\u00f3 &#8211; Zenei jelek <\/a><\/td><td>\n<a href=\"https:\/\/hasznosjatek.hu\/lap\/finommotorikat-grafomotorikat-fejleszto-jatekok\/formaberako-zenei-jelek\/\"> <img loading=\"lazy\" decoding=\"async\" src=\"https:\/\/hasznosjatek.hu\/lap\/pic08\/06f-zeneij.jpg\" width=\"200\" height=\"120\"> <\/a> \n<\/td><\/tr><tr><td class=\"has-text-align-right\" data-align=\"right\"><a href=\"https:\/\/hasznosjatek.hu\/lap\/finommotorikat-grafomotorikat-fejleszto-jatekok\/szallitomi\/\">Sz\u00e1ll\u00edTomi \u2013 H\u00e1zi\u00e1llatos<\/a><\/td><td>\n<a href=\"https:\/\/hasznosjatek.hu\/lap\/finommotorikat-grafomotorikat-fejleszto-jatekok\/szallitomi\/\"> <img loading=\"lazy\" decoding=\"async\" src=\"https:\/\/hasznosjatek.hu\/lap\/pic05\/szalit.jpg\" width=\"200\" height=\"120\"> <\/a>\n<\/td><\/tr><tr><td class=\"has-text-align-right\" data-align=\"right\"><a href=\"https:\/\/hasznosjatek.hu\/lap\/finommotorikat-grafomotorikat-fejleszto-jatekok\/szallitomi-vadallatos\/\">Sz\u00e1ll\u00edTomi &#8211; Vad\u00e1llatos<\/a><\/td><td>\n<a href=\"https:\/\/hasznosjatek.hu\/lap\/finommotorikat-grafomotorikat-fejleszto-jatekok\/szallitomi-vadallatos\/\"> <img loading=\"lazy\" decoding=\"async\" src=\"https:\/\/hasznosjatek.hu\/lap\/pic08\/07tomivad.jpg\" width=\"200\" height=\"120\"> <\/a>\n<\/td><\/tr><tr><td class=\"has-text-align-right\" data-align=\"right\"><a href=\"https:\/\/hasznosjatek.hu\/lap\/finommotorikat-grafomotorikat-fejleszto-jatekok\/szelekt-ivan-kukasauto\/\">Szelekt-Iv\u00e1n kuk\u00e1saut\u00f3<\/a><\/td><td>\n<a href=\"https:\/\/hasznosjatek.hu\/lap\/finommotorikat-grafomotorikat-fejleszto-jatekok\/szelekt-ivan-kukasauto\/\"> <img loading=\"lazy\" decoding=\"async\" src=\"https:\/\/hasznosjatek.hu\/lap\/pic08\/08sz-kukas.jpg\" width=\"200\" height=\"120\"> <\/a>\n<\/td><\/tr><tr><td class=\"has-text-align-right\" data-align=\"right\"><a href=\"https:\/\/hasznosjatek.hu\/lap\/finommotorikat-grafomotorikat-fejleszto-jatekok\/toni-haza\/\">T\u00f3ni h\u00e1za<\/a><\/td><td><a href=\"https:\/\/hasznosjatek.hu\/lap\/finommotorikat-grafomotorikat-fejleszto-jatekok\/toni-haza\/\"> <img loading=\"lazy\" decoding=\"async\" src=\"https:\/\/hasznosjatek.hu\/lap\/pic05\/tonih.jpg\" width=\"200\" height=\"120\"> <\/a><\/td><\/tr><tr><td class=\"has-text-align-right\" data-align=\"right\"><a href=\"https:\/\/hasznosjatek.hu\/lap\/tusi-sunis-bokodo\/\">T\u00dcSI S\u00fcnis b\u00f6k\u00f6d\u0151<\/a><\/td><td>\n<a href=\"https:\/\/hasznosjatek.hu\/lap\/tusi-sunis-bokodo\/\"> <img loading=\"lazy\" decoding=\"async\" src=\"https:\/\/hasznosjatek.hu\/lap\/pic01\/01_02finom-index\/01_02_06suni.jpg\" width=\"200\" height=\"120\"> <\/a>\n<\/td><\/tr><tr><td class=\"has-text-align-right\" data-align=\"right\"><a href=\"https:\/\/hasznosjatek.hu\/lap\/finommotorikat-grafomotorikat-fejleszto-jatekok\/tuzoltoni\/\">T\u0171zolT\u00f3ni<\/a><\/td><td>\n<a href=\"https:\/\/hasznosjatek.hu\/lap\/finommotorikat-grafomotorikat-fejleszto-jatekok\/tuzoltoni\/\"> <img loading=\"lazy\" decoding=\"async\" src=\"https:\/\/hasznosjatek.hu\/lap\/pic05\/tuzolt.jpg\" width=\"200\" height=\"120\"> <\/a>\n<\/td><\/tr><tr><td class=\"has-text-align-right\" data-align=\"right\"><a href=\"https:\/\/hasznosjatek.hu\/lap\/finommotorikat-grafomotorikat-fejleszto-jatekok\/mento-anti\/\">Ment\u0151 Anti<\/a><\/td><td>\n<a href=\"https:\/\/hasznosjatek.hu\/lap\/finommotorikat-grafomotorikat-fejleszto-jatekok\/mento-anti\/\"> <img loading=\"lazy\" decoding=\"async\" src=\"https:\/\/hasznosjatek.hu\/lap\/pic01\/01_02finom-index\/mento-anti.jpg\" width=\"200\" height=\"120\"> <\/a>\n<\/td><\/tr><tr><td class=\"has-text-align-right\" data-align=\"right\"><a href=\"https:\/\/hasznosjatek.hu\/lap\/finommotorikat-grafomotorikat-fejleszto-jatekok\/lori-a-loszallito\/\">L\u00d3RI a l\u00f3sz\u00e1ll\u00edt\u00f3<\/a><\/td><td>\n<a href=\"https:\/\/hasznosjatek.hu\/lap\/finommotorikat-grafomotorikat-fejleszto-jatekok\/lori-a-loszallito\/\"> <img loading=\"lazy\" decoding=\"async\" src=\"https:\/\/hasznosjatek.hu\/lap\/pic12\/01lorilo.jpg\" width=\"200\" height=\"120\"> <\/a>\n<\/td><\/tr><tr><td class=\"has-text-align-right\" data-align=\"right\"><a href=\"https:\/\/hasznosjatek.hu\/lap\/finommotorikat-grafomotorikat-fejleszto-jatekok\/mondokas-kirako\/\">Mond\u00f3k\u00e1s kirak\u00f3<\/a><\/td><td>\n<a href=\"https:\/\/hasznosjatek.hu\/lap\/finommotorikat-grafomotorikat-fejleszto-jatekok\/mondokas-kirako\/\"> <img loading=\"lazy\" decoding=\"async\" src=\"https:\/\/hasznosjatek.hu\/lap\/pic12\/02mondokask.jpg\" width=\"200\" height=\"120\"> <\/a>\n<\/td><\/tr><tr><td class=\"has-text-align-right\" data-align=\"right\"><a href=\"https:\/\/hasznosjatek.hu\/lap\/finommotorikat-grafomotorikat-fejleszto-jatekok\/rendor-rudi\/\">Rend\u0151r Rudi<\/a><\/td><td>\n<a href=\"https:\/\/hasznosjatek.hu\/lap\/finommotorikat-grafomotorikat-fejleszto-jatekok\/rendor-rudi\/\"> <img loading=\"lazy\" decoding=\"async\" src=\"https:\/\/hasznosjatek.hu\/lap\/pic12\/03rendorr.jpg\" width=\"200\" height=\"120\"> <\/a>\n<\/td><\/tr><\/tbody><\/table><\/figure>\n\n\n\n<p><\/p>\n\n\n\n<div class=\"wp-block-buttons is-layout-flex wp-block-buttons-is-layout-flex\"><\/div>\n\n\n\n<div class=\"wp-block-buttons is-layout-flex wp-block-buttons-is-layout-flex\"><\/div>\n\n\n\n<div class=\"wp-block-buttons is-layout-flex wp-block-buttons-is-layout-flex\"><\/div>\n\n\n\n<div class=\"wp-block-buttons is-layout-flex wp-block-buttons-is-layout-flex\"><\/div>\n\n\n\n<div class=\"wp-block-buttons is-layout-flex wp-block-buttons-is-layout-flex\"><\/div>\n\n\n\n<div class=\"wp-block-buttons is-layout-flex wp-block-buttons-is-layout-flex\"><\/div>\n\n\n\n<div class=\"wp-block-buttons is-layout-flex wp-block-buttons-is-layout-flex\"><\/div>\n\n\n\n<div class=\"wp-block-buttons is-layout-flex wp-block-buttons-is-layout-flex\">\n<div class=\"wp-block-button has-custom-width wp-block-button__width-100\"><a class=\"wp-block-button__link no-border-radius wp-element-button\" href=\"https:\/\/hasznosjatek.hu\/lap\/about\/\">J\u00c1T\u00c9K KATEG\u00d3RIA<\/a><\/div>\n<\/div>\n","protected":false},"excerpt":{"rendered":"<p>\u00c1llatos p\u00e1rkeres\u0151 Ben\u0151 f\u0171z\u0151s fa B\u00f6ki f\u0171z\u0151s s\u00fcni L\u00e1bnyomok a h\u00e1z k\u00f6r\u00fcl L\u00e1bnyomok az erd\u0151ben Formaberak\u00f3 &#8211; Hangszerek Formaberak\u00f3 &#8211; Munkag\u00e9pek Formaberak\u00f3 &#8211; Zenei jelek Sz\u00e1ll\u00edTomi \u2013 H\u00e1zi\u00e1llatos Sz\u00e1ll\u00edTomi &#8211; Vad\u00e1llatos Szelekt-Iv\u00e1n kuk\u00e1saut\u00f3 T\u00f3ni h\u00e1za T\u00dcSI S\u00fcnis b\u00f6k\u00f6d\u0151 T\u0171zolT\u00f3ni Ment\u0151 <a class=\"more-link\" href=\"https:\/\/hasznosjatek.hu\/lap\/finommotorikat-grafomotorikat-fejleszto-jatekok\/\">Tov\u00e1bb <span class=\"screen-reader-text\">  Finommotorik\u00e1t &#8211; grafomotorik\u00e1t fejleszt\u0151 j\u00e1t\u00e9kok<\/span><span class=\"meta-nav\">&rarr;<\/span><\/a><\/p>\n","protected":false},"author":1,"featured_media":0,"parent":0,"menu_order":0,"comment_status":"closed","ping_status":"closed","template":"page-fullwidth.php","meta":{"footnotes":""},"class_list":["post-229","page","type-page","status-publish","hentry"],"_links":{"self":[{"href":"https:\/\/hasznosjatek.hu\/lap\/wp-json\/wp\/v2\/pages\/229","targetHints":{"allow":["GET"]}}],"collection":[{"href":"https:\/\/hasznosjatek.hu\/lap\/wp-json\/wp\/v2\/pages"}],"about":[{"href":"https:\/\/hasznosjatek.hu\/lap\/wp-json\/wp\/v2\/types\/page"}],"author":[{"embeddable":true,"href":"https:\/\/hasznosjatek.hu\/lap\/wp-json\/wp\/v2\/users\/1"}],"replies":[{"embeddable":true,"href":"https:\/\/hasznosjatek.hu\/lap\/wp-json\/wp\/v2\/comments?post=229"}],"version-history":[{"count":41,"href":"https:\/\/hasznosjatek.hu\/lap\/wp-json\/wp\/v2\/pages\/229\/revisions"}],"predecessor-version":[{"id":1350,"href":"https:\/\/hasznosjatek.hu\/lap\/wp-json\/wp\/v2\/pages\/229\/revisions\/1350"}],"wp:attachment":[{"href":"https:\/\/hasznosjatek.hu\/lap\/wp-json\/wp\/v2\/media?parent=229"}],"curies":[{"name":"wp","href":"https:\/\/api.w.org\/{rel}","templated":true}]}}