{"id":235,"date":"2021-05-17T09:35:55","date_gmt":"2021-05-17T09:35:55","guid":{"rendered":"https:\/\/hasznosjatek.hu\/lap\/?page_id=235"},"modified":"2022-02-03T06:44:33","modified_gmt":"2022-02-03T06:44:33","slug":"domino-jatek","status":"publish","type":"page","link":"https:\/\/hasznosjatek.hu\/lap\/domino-jatek\/","title":{"rendered":"Domin\u00f3-j\u00e1t\u00e9k"},"content":{"rendered":"\n<figure class=\"wp-block-table\"><table><tbody><tr><td class=\"has-text-align-right\" data-align=\"right\"><a href=\"https:\/\/hasznosjatek.hu\/lap\/domino-afrika\/\">Afrikai \u00e1llatok domin\u00f3<\/a><\/td><td>\n<a href=\"https:\/\/hasznosjatek.hu\/lap\/domino-afrika\/\"> <img loading=\"lazy\" decoding=\"async\" src=\"https:\/\/hasznosjatek.hu\/lap\/pic01\/01_04dom-index\/01_04_01afrikai.jpg\" width=\"200\" height=\"120\"> <\/a> \n\n<\/td><\/tr><tr><td class=\"has-text-align-right\" data-align=\"right\"><a href=\"https:\/\/hasznosjatek.hu\/lap\/ausztral-allatok-domino\/\">Ausztr\u00e1l \u00e1llatok domin\u00f3<\/a><\/td><td>\n\n<a href=\"https:\/\/hasznosjatek.hu\/lap\/ausztral-allatok-domino\/\"> <img loading=\"lazy\" decoding=\"async\" src=\"https:\/\/hasznosjatek.hu\/lap\/pic01\/01_04dom-index\/01_04_02ausztral.jpg\" width=\"200\" height=\"120\"> <\/a> \n\n<\/td><\/tr><tr><td class=\"has-text-align-right\" data-align=\"right\"><a href=\"https:\/\/hasznosjatek.hu\/lap\/dzsungellakok-domino\/\">Dzsungellak\u00f3k domin\u00f3<\/a><\/td><td>\n<a href=\"https:\/\/hasznosjatek.hu\/lap\/dzsungellakok-domino\/\"> <img loading=\"lazy\" decoding=\"async\" src=\"https:\/\/hasznosjatek.hu\/lap\/pic01\/01_04dom-index\/01_04_03dzsungel.jpg\" width=\"200\" height=\"120\"> <\/a> \n\n<\/td><\/tr><tr><td class=\"has-text-align-right\" data-align=\"right\"><a href=\"https:\/\/hasznosjatek.hu\/lap\/edesvizi-allatok-domino\/\">\u00c9desv\u00edzi \u00e1llatok domin\u00f3<\/a><\/td><td>\n<a href=\"https:\/\/hasznosjatek.hu\/lap\/edesvizi-allatok-domino\/\"> <img loading=\"lazy\" decoding=\"async\" src=\"https:\/\/hasznosjatek.hu\/lap\/pic01\/01_04dom-index\/01_04_04edesvizi.jpg\" width=\"200\" height=\"120\"> <\/a> \n\n<\/td><\/tr><tr><td class=\"has-text-align-right\" data-align=\"right\"><a href=\"https:\/\/hasznosjatek.hu\/lap\/erdei-allatok-domino\/\">Erdei \u00e1llatok domin\u00f3<\/a><\/td><td>\n<a href=\"https:\/\/hasznosjatek.hu\/lap\/erdei-allatok-domino\/\"> <img loading=\"lazy\" decoding=\"async\" src=\"https:\/\/hasznosjatek.hu\/lap\/pic01\/01_04dom-index\/01_04_05erdei.jpg\" width=\"200\" height=\"120\"> <\/a> \n\n<\/td><\/tr><tr><td class=\"has-text-align-right\" data-align=\"right\"><a href=\"https:\/\/hasznosjatek.hu\/lap\/domino-jatek\/hangszeres-domino\/\">Hangszeres domin\u00f3<\/a><\/td><td>\n<a href=\"https:\/\/hasznosjatek.hu\/lap\/domino-jatek\/hangszeres-domino\/\"> <img loading=\"lazy\" decoding=\"async\" src=\"https:\/\/hasznosjatek.hu\/lap\/pic08\/02h-domino.jpg\" width=\"200\" height=\"120\"> <\/a> \n\n<\/td><\/tr><tr><td class=\"has-text-align-right\" data-align=\"right\"><a href=\"https:\/\/hasznosjatek.hu\/lap\/haziallatok-domino\/\">H\u00e1zi\u00e1llatok domin\u00f3<\/a><\/td><td>\n<a href=\"https:\/\/hasznosjatek.hu\/lap\/haziallatok-domino\/\"> <img loading=\"lazy\" decoding=\"async\" src=\"https:\/\/hasznosjatek.hu\/lap\/pic01\/01_04dom-index\/01_04_06hazi.jpg\" width=\"200\" height=\"120\"> <\/a> \n\n<\/td><\/tr><tr><td class=\"has-text-align-right\" data-align=\"right\"><a href=\"https:\/\/hasznosjatek.hu\/lap\/tengeri-allatok-domino\/\">Tengeri \u00e1llatok domin\u00f3<\/a><\/td><td>\n<a href=\"https:\/\/hasznosjatek.hu\/lap\/tengeri-allatok-domino\/\"> <img loading=\"lazy\" decoding=\"async\" src=\"https:\/\/hasznosjatek.hu\/lap\/pic01\/01_04dom-index\/01_04_07tengeri.jpg\" width=\"200\" height=\"120\"> <\/a>\n\n<\/td><\/tr><tr><td class=\"has-text-align-right\" data-align=\"right\"><a href=\"https:\/\/hasznosjatek.hu\/lap\/domino-jatek\/zenei-jeles-domino\/\">Zenei jeles domin\u00f3<\/a><\/td><td>\n<a href=\"https:\/\/hasznosjatek.hu\/lap\/domino-jatek\/zenei-jeles-domino\/\"> <img loading=\"lazy\" decoding=\"async\" src=\"https:\/\/hasznosjatek.hu\/lap\/pic08\/03z-domino.jpg\" width=\"200\" height=\"120\"> <\/a>\n\n<\/td><\/tr><\/tbody><\/table><\/figure>\n\n\n\n<div class=\"wp-block-buttons is-layout-flex wp-block-buttons-is-layout-flex\">\n<div class=\"wp-block-button has-custom-width wp-block-button__width-100\"><a class=\"wp-block-button__link\" href=\"https:\/\/hasznosjatek.hu\/lap\/about\/\">J\u00c1T\u00c9K KATEG\u00d3RIA<\/a><\/div>\n<\/div>\n","protected":false},"excerpt":{"rendered":"<p>Afrikai \u00e1llatok domin\u00f3 Ausztr\u00e1l \u00e1llatok domin\u00f3 Dzsungellak\u00f3k domin\u00f3 \u00c9desv\u00edzi \u00e1llatok domin\u00f3 Erdei \u00e1llatok domin\u00f3 Hangszeres domin\u00f3 H\u00e1zi\u00e1llatok domin\u00f3 Tengeri \u00e1llatok domin\u00f3 Zenei jeles domin\u00f3<\/p>\n","protected":false},"author":1,"featured_media":0,"parent":0,"menu_order":0,"comment_status":"closed","ping_status":"closed","template":"page-fullwidth.php","meta":{"footnotes":""},"class_list":["post-235","page","type-page","status-publish","hentry"],"_links":{"self":[{"href":"https:\/\/hasznosjatek.hu\/lap\/wp-json\/wp\/v2\/pages\/235","targetHints":{"allow":["GET"]}}],"collection":[{"href":"https:\/\/hasznosjatek.hu\/lap\/wp-json\/wp\/v2\/pages"}],"about":[{"href":"https:\/\/hasznosjatek.hu\/lap\/wp-json\/wp\/v2\/types\/page"}],"author":[{"embeddable":true,"href":"https:\/\/hasznosjatek.hu\/lap\/wp-json\/wp\/v2\/users\/1"}],"replies":[{"embeddable":true,"href":"https:\/\/hasznosjatek.hu\/lap\/wp-json\/wp\/v2\/comments?post=235"}],"version-history":[{"count":17,"href":"https:\/\/hasznosjatek.hu\/lap\/wp-json\/wp\/v2\/pages\/235\/revisions"}],"predecessor-version":[{"id":882,"href":"https:\/\/hasznosjatek.hu\/lap\/wp-json\/wp\/v2\/pages\/235\/revisions\/882"}],"wp:attachment":[{"href":"https:\/\/hasznosjatek.hu\/lap\/wp-json\/wp\/v2\/media?parent=235"}],"curies":[{"name":"wp","href":"https:\/\/api.w.org\/{rel}","templated":true}]}}