{"id":238,"date":"2021-05-17T09:36:21","date_gmt":"2021-05-17T09:36:21","guid":{"rendered":"https:\/\/hasznosjatek.hu\/lap\/?page_id=238"},"modified":"2023-04-01T09:29:13","modified_gmt":"2023-04-01T09:29:13","slug":"tarsasjatek","status":"publish","type":"page","link":"https:\/\/hasznosjatek.hu\/lap\/tarsasjatek\/","title":{"rendered":"T\u00e1rsasj\u00e1t\u00e9k"},"content":{"rendered":"\n<figure class=\"wp-block-table is-style-stripes\"><table><tbody><tr><td class=\"has-text-align-right\" data-align=\"right\"><a href=\"https:\/\/hasznosjatek.hu\/lap\/tarsasjatek\/mehecskes-fuzogetos\/\">M\u00e9hecske &#8211; f\u0171z\u00f6get\u0151s<\/a><\/td><td>\n<a href=\"https:\/\/hasznosjatek.hu\/lap\/tarsasjatek\/mehecskes-fuzogetos\/\"> <img loading=\"lazy\" decoding=\"async\" src=\"https:\/\/hasznosjatek.hu\/lap\/pic08\/12mehecskf.jpg\" width=\"200\" height=\"120\"> <\/a>\n<\/td><\/tr><tr><td class=\"has-text-align-right\" data-align=\"right\"><a href=\"https:\/\/hasznosjatek.hu\/lap\/tarsasjatek\/hnefatafl-viking-sakk\/\">Hnefatafl \/ Viking sakk<\/a><\/td><td>\n<a href=\"https:\/\/hasznosjatek.hu\/lap\/tarsasjatek\/hnefatafl-viking-sakk\/\"> <img loading=\"lazy\" decoding=\"async\" src=\"https:\/\/hasznosjatek.hu\/lap\/pic12\/09.jpg\" width=\"200\" height=\"120\"> <\/a>\n<\/td><\/tr><\/tbody><\/table><\/figure>\n\n\n\n<div class=\"wp-block-buttons is-layout-flex wp-block-buttons-is-layout-flex\">\n<div class=\"wp-block-button has-custom-width wp-block-button__width-100\"><a class=\"wp-block-button__link wp-element-button\" href=\"https:\/\/hasznosjatek.hu\/lap\/about\/\">J\u00c1T\u00c9K KATEG\u00d3RIA<\/a><\/div>\n<\/div>\n","protected":false},"excerpt":{"rendered":"<p>M\u00e9hecske &#8211; f\u0171z\u00f6get\u0151s Hnefatafl \/ Viking sakk<\/p>\n","protected":false},"author":1,"featured_media":0,"parent":0,"menu_order":0,"comment_status":"closed","ping_status":"closed","template":"page-fullwidth.php","meta":{"footnotes":""},"class_list":["post-238","page","type-page","status-publish","hentry"],"_links":{"self":[{"href":"https:\/\/hasznosjatek.hu\/lap\/wp-json\/wp\/v2\/pages\/238","targetHints":{"allow":["GET"]}}],"collection":[{"href":"https:\/\/hasznosjatek.hu\/lap\/wp-json\/wp\/v2\/pages"}],"about":[{"href":"https:\/\/hasznosjatek.hu\/lap\/wp-json\/wp\/v2\/types\/page"}],"author":[{"embeddable":true,"href":"https:\/\/hasznosjatek.hu\/lap\/wp-json\/wp\/v2\/users\/1"}],"replies":[{"embeddable":true,"href":"https:\/\/hasznosjatek.hu\/lap\/wp-json\/wp\/v2\/comments?post=238"}],"version-history":[{"count":7,"href":"https:\/\/hasznosjatek.hu\/lap\/wp-json\/wp\/v2\/pages\/238\/revisions"}],"predecessor-version":[{"id":1330,"href":"https:\/\/hasznosjatek.hu\/lap\/wp-json\/wp\/v2\/pages\/238\/revisions\/1330"}],"wp:attachment":[{"href":"https:\/\/hasznosjatek.hu\/lap\/wp-json\/wp\/v2\/media?parent=238"}],"curies":[{"name":"wp","href":"https:\/\/api.w.org\/{rel}","templated":true}]}}