{"id":43,"date":"2021-05-06T14:11:03","date_gmt":"2021-05-06T14:11:03","guid":{"rendered":"https:\/\/hasznosjatek.hu\/lap\/home\/"},"modified":"2021-05-27T11:20:24","modified_gmt":"2021-05-27T11:20:24","slug":"home","status":"publish","type":"page","link":"https:\/\/hasznosjatek.hu\/lap\/","title":{"rendered":"F\u0150OLDAL"},"content":{"rendered":"\n<h2 class=\"wp-block-heading\">Bemutatkoz\u00e1s <\/h2>\n\n\n\n<p>A Hasznosj\u00e1t\u00e9k.hu-n tal\u00e1lhat\u00f3 j\u00e1t\u00e9kok r\u00e9g\u00f3ta l\u00e9tez\u0151 \u00e9s \u00fajonnan kital\u00e1lt fejleszt\u0151 feladok, m\u00f3dszerek alapj\u00e1n k\u00e9sz\u00fcltek, egy\u00e9ni tervez\u00e9ssel. A tervez\u0151 munka sor\u00e1n fejleszt\u0151 pedag\u00f3gus \/ gy\u00f3gypedag\u00f3gus, gyermekpszichol\u00f3gus seg\u00edts\u00e9g\u00e9t vessz\u00fck ig\u00e9nybe, \u00e9s az \u0151 szaktud\u00e1sukat \u00e9p\u00edtj\u00fck bele a term\u00e9kekbe. A j\u00e1t\u00e9kok sokoldal\u00faan felhaszn\u00e1lhat\u00f3k, t\u00f6bbs\u00e9g\u00fckh\u00f6z nem mell\u00e9kel\u00fcnk j\u00e1t\u00e9kszab\u00e1lyt, &#8222;haszn\u00e1lati utas\u00edt\u00e1st&#8221;, ugyanis csak a gyermek (illetve a sz\u00fcl\u0151, fejleszt\u0151&#8230;) fant\u00e1zi\u00e1ja, kreativit\u00e1sa szab hat\u00e1rt annak, hogy mire \u00e9s hogy hogyan haszn\u00e1lhat\u00f3k ezek. Mindebb\u0151l k\u00f6vetkez\u0151en a j\u00e1t\u00e9kok t\u00f6bbs\u00e9ge sem csak egy, hanem t\u00f6bb\/sok k\u00e9szs\u00e9get fejleszt egyszerre, ez\u00e9rt egy\u00e9rtelm\u0171 kategoriz\u00e1l\u00e1suk is meglehet\u0151sen neh\u00e9zkes.&nbsp;\u00c1ltal\u00e1noss\u00e1gban \u00e9rlelik a figyelemkoncentr\u00e1ci\u00f3t, feladattudatot, szab\u00e1lytudatot, kudarct\u0171r\u00e9st, kitart\u00e1st, t\u00e1rsas k\u00e9szs\u00e9geket (pl. egy\u00fcttm\u0171k\u00f6d\u00e9si k\u00e9szs\u00e9g), speci\u00e1lisan pedig a s\u00edkbeli\/t\u00e9rbeli vizu\u00e1lis \u00e9szlel\u00e9st \/ gondolkod\u00e1st \/ szervez\u00e9st, a szerialit\u00e1st \/ sorrendez\u00e9si k\u00e9szs\u00e9get, a lateralit\u00e1st \/ jobb-bal oldalis\u00e1got, Gestalt l\u00e1t\u00e1st, szenzoros integr\u00e1ci\u00f3t, vizu\u00e1lis mem\u00f3ri\u00e1t, finommotoroik\u00e1t, mennyis\u00e9g \u00e9s sz\u00e1mfogalmat, sz\u00e1mol\u00e1si gondolkod\u00e1st. Egyedi jelleg\u00fck, nat\u00far fa kivitelez\u00e9s\u00fck szolg\u00e1lja az eszt\u00e9tikumot, a term\u00e9szetes sz\u00e9ps\u00e9get, mag\u00e1t a j\u00e1t\u00e9k \u00f6r\u00f6m\u00e9t, az iskolai k\u00e9szs\u00e9gek (\u00edr\u00e1s, olvas\u00e1s, sz\u00e1mol\u00e1s) el\u0151k\u00e9sz\u00edt\u00e9se, sokr\u00e9t\u0171 fejleszt\u00e9se miatt pedig t\u00e9nyleg igaz\u00e1n HASZNOSNAK is nevezhetj\u00fck \u0151ket az \u00f3vod\u00e1sok, kisiskol\u00e1sok sz\u00e1m\u00e1ra.&nbsp;<\/p>\n\n\n\n<p><\/p>\n\n\n\n<p><strong>Figyelem! Egyes j\u00e1t\u00e9kok apr\u00f3 alkatr\u00e9szeket tartalmaznak, haszn\u00e1latuk sz\u00fcl\u0151i fel\u00fcgyelet mellett aj\u00e1nlott!<\/strong><\/p>\n","protected":false},"excerpt":{"rendered":"<p>Bemutatkoz\u00e1s A Hasznosj\u00e1t\u00e9k.hu-n tal\u00e1lhat\u00f3 j\u00e1t\u00e9kok r\u00e9g\u00f3ta l\u00e9tez\u0151 \u00e9s \u00fajonnan kital\u00e1lt fejleszt\u0151 feladok, m\u00f3dszerek alapj\u00e1n k\u00e9sz\u00fcltek, egy\u00e9ni tervez\u00e9ssel. A tervez\u0151 munka sor\u00e1n fejleszt\u0151 pedag\u00f3gus \/ gy\u00f3gypedag\u00f3gus, gyermekpszichol\u00f3gus seg\u00edts\u00e9g\u00e9t vessz\u00fck ig\u00e9nybe, \u00e9s az \u0151 szaktud\u00e1sukat \u00e9p\u00edtj\u00fck bele a term\u00e9kekbe. A j\u00e1t\u00e9kok sokoldal\u00faan <a class=\"more-link\" href=\"https:\/\/hasznosjatek.hu\/lap\/\">Tov\u00e1bb <span class=\"screen-reader-text\">  F\u0150OLDAL<\/span><span class=\"meta-nav\">&rarr;<\/span><\/a><\/p>\n","protected":false},"author":1,"featured_media":0,"parent":0,"menu_order":0,"comment_status":"closed","ping_status":"closed","template":"page-fullwidth.php","meta":{"footnotes":""},"class_list":["post-43","page","type-page","status-publish","hentry"],"_links":{"self":[{"href":"https:\/\/hasznosjatek.hu\/lap\/wp-json\/wp\/v2\/pages\/43","targetHints":{"allow":["GET"]}}],"collection":[{"href":"https:\/\/hasznosjatek.hu\/lap\/wp-json\/wp\/v2\/pages"}],"about":[{"href":"https:\/\/hasznosjatek.hu\/lap\/wp-json\/wp\/v2\/types\/page"}],"author":[{"embeddable":true,"href":"https:\/\/hasznosjatek.hu\/lap\/wp-json\/wp\/v2\/users\/1"}],"replies":[{"embeddable":true,"href":"https:\/\/hasznosjatek.hu\/lap\/wp-json\/wp\/v2\/comments?post=43"}],"version-history":[{"count":15,"href":"https:\/\/hasznosjatek.hu\/lap\/wp-json\/wp\/v2\/pages\/43\/revisions"}],"predecessor-version":[{"id":513,"href":"https:\/\/hasznosjatek.hu\/lap\/wp-json\/wp\/v2\/pages\/43\/revisions\/513"}],"wp:attachment":[{"href":"https:\/\/hasznosjatek.hu\/lap\/wp-json\/wp\/v2\/media?parent=43"}],"curies":[{"name":"wp","href":"https:\/\/api.w.org\/{rel}","templated":true}]}}