{"id":44,"date":"2021-05-06T14:11:03","date_gmt":"2021-05-06T14:11:03","guid":{"rendered":"https:\/\/hasznosjatek.hu\/lap\/about\/"},"modified":"2025-04-15T07:16:06","modified_gmt":"2025-04-15T07:16:06","slug":"about","status":"publish","type":"page","link":"https:\/\/hasznosjatek.hu\/lap\/about\/","title":{"rendered":"J\u00c1T\u00c9KOK"},"content":{"rendered":"\n<figure class=\"wp-block-table is-style-stripes\"><table><tbody><tr><td class=\"has-text-align-right\" data-align=\"right\"><a href=\"https:\/\/hasznosjatek.hu\/lap\/szamolasi-gondolkodast-fejleszto-jatekok\/\">SZ\u00c1MOL\u00c1SI GONDOLKOD\u00c1ST FEJLESZT\u0150 J\u00c1T\u00c9KOK<\/a> <\/td><td> <a href=\"https:\/\/hasznosjatek.hu\/lap\/szamolasi-gondolkodast-fejleszto-jatekok\/\"> <img loading=\"lazy\" decoding=\"async\" src=\"https:\/\/hasznosjatek.hu\/lap\/pic\/szamk-miru.jpg\" width=\"200\" height=\"120\"> <\/a> <\/td><\/tr><tr><td class=\"has-text-align-right\" data-align=\"right\"><a href=\"https:\/\/hasznosjatek.hu\/lap\/finommotorikat-grafomotorikat-fejleszto-jatekok\/\">FINOMMOTORIK\u00c1T \u2013 GRAFOMOTORIK\u00c1T FEJLESZT\u0150 J\u00c1T\u00c9KOK<\/a><\/td><td>\n<a href=\"https:\/\/hasznosjatek.hu\/lap\/finommotorikat-grafomotorikat-fejleszto-jatekok\/\"> <img loading=\"lazy\" decoding=\"async\" src=\"https:\/\/hasznosjatek.hu\/lap\/pic\/finomm-suni.jpg\" width=\"200\" height=\"120\"> <\/a> \n\n<\/td><\/tr><tr><td class=\"has-text-align-right\" data-align=\"right\"><a href=\"https:\/\/hasznosjatek.hu\/lap\/memoria-jatek\/\">MEM\u00d3RIA-J\u00c1T\u00c9K<\/a><\/td><td>\n<a href=\"https:\/\/hasznosjatek.hu\/lap\/memoria-jatek\/\"> <img loading=\"lazy\" decoding=\"async\" src=\"https:\/\/hasznosjatek.hu\/lap\/pic\/mem-afrikai.jpg\" width=\"200\" height=\"120\"> <\/a> \n\n<\/td><\/tr><tr><td class=\"has-text-align-right\" data-align=\"right\"><a href=\"https:\/\/hasznosjatek.hu\/lap\/domino-jatek\/\">DOMIN\u00d3-J\u00c1T\u00c9K<\/a><\/td><td>\n<a href=\"https:\/\/hasznosjatek.hu\/lap\/domino-jatek\/\"> <img loading=\"lazy\" decoding=\"async\" src=\"https:\/\/hasznosjatek.hu\/lap\/pic\/domino-hazi.jpg\" width=\"200\" height=\"120\"> <\/a> \n\n<\/td><\/tr><tr><td class=\"has-text-align-right\" data-align=\"right\"><a href=\"https:\/\/hasznosjatek.hu\/lap\/tarsasjatek\/\">T\u00c1RSASJ\u00c1T\u00c9K<\/a><\/td><td>\n<a href=\"https:\/\/hasznosjatek.hu\/lap\/tarsasjatek\/\"> <img loading=\"lazy\" decoding=\"async\" src=\"https:\/\/hasznosjatek.hu\/lap\/pic08\/12mehecskf.jpg\" width=\"200\" height=\"120\"> <\/a> \n<\/td><\/tr>\n\n\n<tr><td class=\"has-text-align-right\" data-align=\"right\"><a href=\"https:\/\/hasznosjatek.hu\/lap\/about\/jutalomtablak\/\">JUTALOMT\u00c1BL\u00c1K<\/a><\/td><td>\n<a href=\"https:\/\/hasznosjatek.hu\/lap\/about\/jutalomtablak\/\"> <img loading=\"lazy\" decoding=\"async\" src=\"https:\/\/hasznosjatek.hu\/lap\/pic09\/jutalomt.jpg\" width=\"200\" height=\"120\"> <\/a> \n<\/td><\/tr><tr><td class=\"has-text-align-right\" data-align=\"right\"><a href=\"https:\/\/hasznosjatek.hu\/lap\/about\/fogalmi-gondolkodast-fejleszto-jatekok\/\">FOGALMI GONDOLKOD\u00c1ST FEJLESZT\u0150 J\u00c1T\u00c9KOK<\/a><\/td><td>\n<a href=\"https:\/\/hasznosjatek.hu\/lap\/about\/fogalmi-gondolkodast-fejleszto-jatekok\/\"> <img loading=\"lazy\" decoding=\"async\" src=\"https:\/\/hasznosjatek.hu\/lap\/pic09\/domzle.jpg\" width=\"200\" height=\"120\"> <\/a> \n<\/td><\/tr><\/tbody><\/table><\/figure>\n","protected":false},"excerpt":{"rendered":"<p>SZ\u00c1MOL\u00c1SI GONDOLKOD\u00c1ST FEJLESZT\u0150 J\u00c1T\u00c9KOK FINOMMOTORIK\u00c1T \u2013 GRAFOMOTORIK\u00c1T FEJLESZT\u0150 J\u00c1T\u00c9KOK MEM\u00d3RIA-J\u00c1T\u00c9K DOMIN\u00d3-J\u00c1T\u00c9K T\u00c1RSASJ\u00c1T\u00c9K JUTALOMT\u00c1BL\u00c1K FOGALMI GONDOLKOD\u00c1ST FEJLESZT\u0150 J\u00c1T\u00c9KOK<\/p>\n","protected":false},"author":1,"featured_media":0,"parent":0,"menu_order":0,"comment_status":"closed","ping_status":"closed","template":"page-fullwidth.php","meta":{"footnotes":""},"class_list":["post-44","page","type-page","status-publish","hentry"],"_links":{"self":[{"href":"https:\/\/hasznosjatek.hu\/lap\/wp-json\/wp\/v2\/pages\/44","targetHints":{"allow":["GET"]}}],"collection":[{"href":"https:\/\/hasznosjatek.hu\/lap\/wp-json\/wp\/v2\/pages"}],"about":[{"href":"https:\/\/hasznosjatek.hu\/lap\/wp-json\/wp\/v2\/types\/page"}],"author":[{"embeddable":true,"href":"https:\/\/hasznosjatek.hu\/lap\/wp-json\/wp\/v2\/users\/1"}],"replies":[{"embeddable":true,"href":"https:\/\/hasznosjatek.hu\/lap\/wp-json\/wp\/v2\/comments?post=44"}],"version-history":[{"count":23,"href":"https:\/\/hasznosjatek.hu\/lap\/wp-json\/wp\/v2\/pages\/44\/revisions"}],"predecessor-version":[{"id":1375,"href":"https:\/\/hasznosjatek.hu\/lap\/wp-json\/wp\/v2\/pages\/44\/revisions\/1375"}],"wp:attachment":[{"href":"https:\/\/hasznosjatek.hu\/lap\/wp-json\/wp\/v2\/media?parent=44"}],"curies":[{"name":"wp","href":"https:\/\/api.w.org\/{rel}","templated":true}]}}