{"id":45,"date":"2021-05-06T14:11:03","date_gmt":"2021-05-06T14:11:03","guid":{"rendered":"https:\/\/hasznosjatek.hu\/lap\/product\/"},"modified":"2025-04-15T07:18:37","modified_gmt":"2025-04-15T07:18:37","slug":"product","status":"publish","type":"page","link":"https:\/\/hasznosjatek.hu\/lap\/product\/","title":{"rendered":"AJ\u00c1ND\u00c9KT\u00c1RGYAK"},"content":{"rendered":"\n<p>Esk\u00fcv\u0151re, bankettre, ovis\/iskol\u00e1s ballag\u00e1sra, pedag\u00f3gus napra, any\u00e1k napj\u00e1ra, n\u00e9vnapra, sz\u00fclinapra stb. (b\u00e1rmilyen \u00fcnnepre, alkalomra) rendelhet\u0151 fa d\u00edszt\u00e1rgyak (3-4 mm vastag, csiszolt, nat\u00far, ny\u00edr r\u00e9tegelt lemezb\u0151l).<\/p>\n\n\n\n<p>\u00dcltet\u0151k\u00e1rtya \/ k\u00f6sz\u00f6n\u0151aj\u00e1nd\u00e9k \/ tortad\u00edsz<\/p>\n\n\n\n<p>Eml\u00e9kplakett, falik\u00e9p, ajt\u00f3d\u00edsz<\/p>\n\n\n\n<p>Kulcstart\u00f3<\/p>\n\n\n\n<p>H\u0171t\u0151m\u00e1gnes<\/p>\n\n\n\n<p>Ovis jelek \/ figur\u00e1k<\/p>\n\n\n\n<p>Tekintse meg referenciamunk\u00e1inkat, \u00e9s egyedi elk\u00e9pzel\u00e9s\u00e9hez k\u00e9rjen \u00e1raj\u00e1nlatot!<\/p>\n\n\n\n<figure class=\"wp-block-table is-style-stripes\"><table><tbody>\n\n<tr><td class=\"has-text-align-right\" data-align=\"right\"><a href=\"https:\/\/hasznosjatek.hu\/lap\/egyen-ajandektargyak\/\">Egy\u00e9b aj\u00e1nd\u00e9kt\u00e1rgyak<\/a><\/td><td>\n<a href=\"https:\/\/hasznosjatek.hu\/lap\/egyen-ajandektargyak\/\"> <img loading=\"lazy\" decoding=\"async\" src=\"https:\/\/hasznosjatek.hu\/lap\/pic02\/egyeb.jpg\" width=\"200\" height=\"120\"> <\/a>\n<\/td><\/tr><\/tbody><\/table><\/figure>\n\n\n\n<p><\/p>\n","protected":false},"excerpt":{"rendered":"<p>Esk\u00fcv\u0151re, bankettre, ovis\/iskol\u00e1s ballag\u00e1sra, pedag\u00f3gus napra, any\u00e1k napj\u00e1ra, n\u00e9vnapra, sz\u00fclinapra stb. (b\u00e1rmilyen \u00fcnnepre, alkalomra) rendelhet\u0151 fa d\u00edszt\u00e1rgyak (3-4 mm vastag, csiszolt, nat\u00far, ny\u00edr r\u00e9tegelt lemezb\u0151l). \u00dcltet\u0151k\u00e1rtya \/ k\u00f6sz\u00f6n\u0151aj\u00e1nd\u00e9k \/ tortad\u00edsz Eml\u00e9kplakett, falik\u00e9p, ajt\u00f3d\u00edsz Kulcstart\u00f3 H\u0171t\u0151m\u00e1gnes Ovis jelek \/ figur\u00e1k Tekintse <a class=\"more-link\" href=\"https:\/\/hasznosjatek.hu\/lap\/product\/\">Tov\u00e1bb <span class=\"screen-reader-text\">  AJ\u00c1ND\u00c9KT\u00c1RGYAK<\/span><span class=\"meta-nav\">&rarr;<\/span><\/a><\/p>\n","protected":false},"author":1,"featured_media":0,"parent":0,"menu_order":0,"comment_status":"closed","ping_status":"closed","template":"page-fullwidth.php","meta":{"footnotes":""},"class_list":["post-45","page","type-page","status-publish","hentry"],"_links":{"self":[{"href":"https:\/\/hasznosjatek.hu\/lap\/wp-json\/wp\/v2\/pages\/45","targetHints":{"allow":["GET"]}}],"collection":[{"href":"https:\/\/hasznosjatek.hu\/lap\/wp-json\/wp\/v2\/pages"}],"about":[{"href":"https:\/\/hasznosjatek.hu\/lap\/wp-json\/wp\/v2\/types\/page"}],"author":[{"embeddable":true,"href":"https:\/\/hasznosjatek.hu\/lap\/wp-json\/wp\/v2\/users\/1"}],"replies":[{"embeddable":true,"href":"https:\/\/hasznosjatek.hu\/lap\/wp-json\/wp\/v2\/comments?post=45"}],"version-history":[{"count":21,"href":"https:\/\/hasznosjatek.hu\/lap\/wp-json\/wp\/v2\/pages\/45\/revisions"}],"predecessor-version":[{"id":1376,"href":"https:\/\/hasznosjatek.hu\/lap\/wp-json\/wp\/v2\/pages\/45\/revisions\/1376"}],"wp:attachment":[{"href":"https:\/\/hasznosjatek.hu\/lap\/wp-json\/wp\/v2\/media?parent=45"}],"curies":[{"name":"wp","href":"https:\/\/api.w.org\/{rel}","templated":true}]}}