{"id":46,"date":"2021-05-06T14:11:03","date_gmt":"2021-05-06T14:11:03","guid":{"rendered":"https:\/\/hasznosjatek.hu\/lap\/contact\/"},"modified":"2021-05-27T07:50:32","modified_gmt":"2021-05-27T07:50:32","slug":"contact","status":"publish","type":"page","link":"https:\/\/hasznosjatek.hu\/lap\/contact\/","title":{"rendered":"MEGRENDEL\u00c9S"},"content":{"rendered":"<div class=\"wpforms-container wpforms-container-full wpforms-block\" id=\"wpforms-418\"><form id=\"wpforms-form-418\" class=\"wpforms-validate wpforms-form\" data-formid=\"418\" method=\"post\" enctype=\"multipart\/form-data\" action=\"\/lap\/wp-json\/wp\/v2\/pages\/46\" data-token=\"9457b9f639a993c45c1ab497116a1f36\" data-token-time=\"1775294849\"><noscript class=\"wpforms-error-noscript\">Please enable JavaScript in your browser to complete this form.<\/noscript><div class=\"wpforms-field-container\"><div id=\"wpforms-418-field_0-container\" class=\"wpforms-field wpforms-field-name\" data-field-id=\"0\"><label class=\"wpforms-field-label\" for=\"wpforms-418-field_0\">Teljes n\u00e9v: <span class=\"wpforms-required-label\">*<\/span><\/label><input type=\"text\" id=\"wpforms-418-field_0\" class=\"wpforms-field-medium wpforms-field-required\" name=\"wpforms[fields][0]\" required><\/div><div id=\"wpforms-418-field_1-container\" class=\"wpforms-field wpforms-field-email\" data-field-id=\"1\"><label class=\"wpforms-field-label\" for=\"wpforms-418-field_1\">E-mail c\u00edm: <span class=\"wpforms-required-label\">*<\/span><\/label><input type=\"email\" id=\"wpforms-418-field_1\" class=\"wpforms-field-medium wpforms-field-required\" name=\"wpforms[fields][1]\" placeholder=\"valaki@valahol.hu\" spellcheck=\"false\" required><\/div><div id=\"wpforms-418-field_3-container\" class=\"wpforms-field wpforms-field-number\" data-field-id=\"3\"><label class=\"wpforms-field-label\" for=\"wpforms-418-field_3\">Telefon sz\u00e1m: <span class=\"wpforms-required-label\">*<\/span><\/label><input type=\"number\" id=\"wpforms-418-field_3\" class=\"wpforms-field-medium wpforms-field-required\" name=\"wpforms[fields][3]\" placeholder=\"06 20 123 4567\" step=\"any\" required><\/div><div id=\"wpforms-418-field_6-container\" class=\"wpforms-field wpforms-field-textarea\" data-field-id=\"6\"><label class=\"wpforms-field-label\" for=\"wpforms-418-field_6\">Lakc\u00edm:  (ir\u00e1ny\u00edt\u00f3sz\u00e1m, v\u00e1ros, utca\/t\u00e9r\/k\u00f6z, h\u00e1zsz\u00e1m) <span class=\"wpforms-required-label\">*<\/span><\/label><textarea id=\"wpforms-418-field_6\" class=\"wpforms-field-medium wpforms-field-required\" name=\"wpforms[fields][6]\" required><\/textarea><\/div><div id=\"wpforms-418-field_9-container\" class=\"wpforms-field wpforms-field-textarea\" data-field-id=\"9\"><label class=\"wpforms-field-label\" for=\"wpforms-418-field_9\">TERM\u00c9K\/ek amiket meg szeretn\u00e9k rendelni:  <span class=\"wpforms-required-label\">*<\/span><\/label><textarea id=\"wpforms-418-field_9\" class=\"wpforms-field-medium wpforms-field-required\" name=\"wpforms[fields][9]\" required><\/textarea><\/div><div id=\"wpforms-418-field_10-container\" class=\"wpforms-field wpforms-field-radio\" data-field-id=\"10\"><label class=\"wpforms-field-label\">Rendel\u00e9si felt\u00e9telek elfogad\u00e1sa. <span class=\"wpforms-required-label\">*<\/span><\/label><ul id=\"wpforms-418-field_10\" class=\"wpforms-field-required\"><li class=\"choice-1 depth-1\"><input type=\"radio\" id=\"wpforms-418-field_10_1\" name=\"wpforms[fields][10]\" value=\"A rendel\u00e9si felt\u00e9teleket elfogadom!\" required ><label class=\"wpforms-field-label-inline\" for=\"wpforms-418-field_10_1\">A rendel\u00e9si felt\u00e9teleket elfogadom!<\/label><\/li><\/ul><\/div><\/div><!-- .wpforms-field-container --><div class=\"wpforms-recaptcha-container wpforms-is-recaptcha wpforms-is-recaptcha-type-v2\" ><div class=\"g-recaptcha\" data-sitekey=\"6LcD4TYdAAAAAG4B2KkXuPQuVW09BRVhNEFoFhP_\"><\/div><input type=\"text\" name=\"g-recaptcha-hidden\" class=\"wpforms-recaptcha-hidden\" style=\"position:absolute!important;clip:rect(0,0,0,0)!important;height:1px!important;width:1px!important;border:0!important;overflow:hidden!important;padding:0!important;margin:0!important;\" data-rule-recaptcha=\"1\"><\/div><div class=\"wpforms-submit-container\" ><input type=\"hidden\" name=\"wpforms[id]\" value=\"418\"><input type=\"hidden\" name=\"page_title\" value=\"\"><input type=\"hidden\" name=\"page_url\" value=\"https:\/\/hasznosjatek.hu\/lap\/wp-json\/wp\/v2\/pages\/46\"><input type=\"hidden\" name=\"url_referer\" value=\"\"><button type=\"submit\" name=\"wpforms[submit]\" id=\"wpforms-submit-418\" class=\"wpforms-submit\" data-alt-text=\"K\u00fcld\u00e9s...\" data-submit-text=\"MEGRENDELEM!\" aria-live=\"assertive\" value=\"wpforms-submit\">MEGRENDELEM!<\/button><\/div><\/form><\/div>  <!-- .wpforms-container -->\n\n\n<p><br><strong><a href=\"https:\/\/hasznosjatek.hu\/lap\/rendelesi-feltetelek\/\" data-type=\"URL\" data-id=\"https:\/\/hasznosjatek.hu\/lap\/rendelesi-feltetelek\/\">A rendel\u00e9si felt\u00e9teleket ITT tudom m\u00e9g egyszer \u00e1tn\u00e9zni!<\/a><\/strong><\/p>\n","protected":false},"excerpt":{"rendered":"<p>A rendel\u00e9si felt\u00e9teleket ITT tudom m\u00e9g egyszer \u00e1tn\u00e9zni!<\/p>\n","protected":false},"author":1,"featured_media":0,"parent":0,"menu_order":0,"comment_status":"closed","ping_status":"closed","template":"page-fullwidth.php","meta":{"footnotes":""},"class_list":["post-46","page","type-page","status-publish","hentry"],"_links":{"self":[{"href":"https:\/\/hasznosjatek.hu\/lap\/wp-json\/wp\/v2\/pages\/46","targetHints":{"allow":["GET"]}}],"collection":[{"href":"https:\/\/hasznosjatek.hu\/lap\/wp-json\/wp\/v2\/pages"}],"about":[{"href":"https:\/\/hasznosjatek.hu\/lap\/wp-json\/wp\/v2\/types\/page"}],"author":[{"embeddable":true,"href":"https:\/\/hasznosjatek.hu\/lap\/wp-json\/wp\/v2\/users\/1"}],"replies":[{"embeddable":true,"href":"https:\/\/hasznosjatek.hu\/lap\/wp-json\/wp\/v2\/comments?post=46"}],"version-history":[{"count":7,"href":"https:\/\/hasznosjatek.hu\/lap\/wp-json\/wp\/v2\/pages\/46\/revisions"}],"predecessor-version":[{"id":423,"href":"https:\/\/hasznosjatek.hu\/lap\/wp-json\/wp\/v2\/pages\/46\/revisions\/423"}],"wp:attachment":[{"href":"https:\/\/hasznosjatek.hu\/lap\/wp-json\/wp\/v2\/media?parent=46"}],"curies":[{"name":"wp","href":"https:\/\/api.w.org\/{rel}","templated":true}]}}