{"id":832,"date":"2022-02-01T12:13:08","date_gmt":"2022-02-01T12:13:08","guid":{"rendered":"https:\/\/hasznosjatek.hu\/lap\/?page_id=832"},"modified":"2022-11-09T09:14:09","modified_gmt":"2022-11-09T09:14:09","slug":"zenei-jeles-domino","status":"publish","type":"page","link":"https:\/\/hasznosjatek.hu\/lap\/domino-jatek\/zenei-jeles-domino\/","title":{"rendered":"Zenei jeles domin\u00f3"},"content":{"rendered":"\n<figure class=\"wp-block-image size-large is-resized\"><img loading=\"lazy\" decoding=\"async\" src=\"https:\/\/hasznosjatek.hu\/lap\/wp-content\/uploads\/2022\/02\/272142170_235773085383471_3331874235715329017_n-807x1024.jpg\" alt=\"\" class=\"wp-image-833\" width=\"470\" height=\"596\" srcset=\"https:\/\/hasznosjatek.hu\/lap\/wp-content\/uploads\/2022\/02\/272142170_235773085383471_3331874235715329017_n-807x1024.jpg 807w, https:\/\/hasznosjatek.hu\/lap\/wp-content\/uploads\/2022\/02\/272142170_235773085383471_3331874235715329017_n-236x300.jpg 236w, https:\/\/hasznosjatek.hu\/lap\/wp-content\/uploads\/2022\/02\/272142170_235773085383471_3331874235715329017_n-768x974.jpg 768w, https:\/\/hasznosjatek.hu\/lap\/wp-content\/uploads\/2022\/02\/272142170_235773085383471_3331874235715329017_n-1211x1536.jpg 1211w, https:\/\/hasznosjatek.hu\/lap\/wp-content\/uploads\/2022\/02\/272142170_235773085383471_3331874235715329017_n.jpg 1560w\" sizes=\"auto, (max-width: 470px) 100vw, 470px\" \/><\/figure>\n\n\n\n<p><\/p>\n\n\n\n<p>Le\u00edr\u00e1s: 45 db-os, ismeretterjeszt\u0151 domin\u00f3 j\u00e1t\u00e9k, v\u00e1szonzs\u00e1kban.<\/p>\n\n\n\n<p>Anyaga: 3-4 mm vastag, csiszolt, nat\u00far, ny\u00edr r\u00e9tegelt lemez.<\/p>\n\n\n\n<p>Domin\u00f3kock\u00e1k m\u00e9rete: 3,5&#215;7 cm<\/p>\n\n\n\n<p><strong>Term\u00e9k cikksz\u00e1ma: 10409<\/strong><\/p>\n\n\n\n<div class=\"wp-block-buttons has-custom-font-size has-small-font-size is-layout-flex wp-block-buttons-is-layout-flex\">\n<div class=\"wp-block-button has-custom-font-size is-style-fill has-small-font-size\"><a class=\"wp-block-button__link wp-element-button\" href=\"https:\/\/hasznosjatek.hu\/lap\/hasznosjatek-arak.pdf\" style=\"border-radius:6px\" target=\"_blank\" rel=\"noreferrer noopener\">\u00c1RLISTA<\/a><\/div>\n<\/div>\n","protected":false},"excerpt":{"rendered":"<p>Le\u00edr\u00e1s: 45 db-os, ismeretterjeszt\u0151 domin\u00f3 j\u00e1t\u00e9k, v\u00e1szonzs\u00e1kban. Anyaga: 3-4 mm vastag, csiszolt, nat\u00far, ny\u00edr r\u00e9tegelt lemez. Domin\u00f3kock\u00e1k m\u00e9rete: 3,5&#215;7 cm Term\u00e9k cikksz\u00e1ma: 10409<\/p>\n","protected":false},"author":1,"featured_media":0,"parent":235,"menu_order":0,"comment_status":"closed","ping_status":"closed","template":"page-fullwidth.php","meta":{"footnotes":""},"class_list":["post-832","page","type-page","status-publish","hentry"],"_links":{"self":[{"href":"https:\/\/hasznosjatek.hu\/lap\/wp-json\/wp\/v2\/pages\/832","targetHints":{"allow":["GET"]}}],"collection":[{"href":"https:\/\/hasznosjatek.hu\/lap\/wp-json\/wp\/v2\/pages"}],"about":[{"href":"https:\/\/hasznosjatek.hu\/lap\/wp-json\/wp\/v2\/types\/page"}],"author":[{"embeddable":true,"href":"https:\/\/hasznosjatek.hu\/lap\/wp-json\/wp\/v2\/users\/1"}],"replies":[{"embeddable":true,"href":"https:\/\/hasznosjatek.hu\/lap\/wp-json\/wp\/v2\/comments?post=832"}],"version-history":[{"count":3,"href":"https:\/\/hasznosjatek.hu\/lap\/wp-json\/wp\/v2\/pages\/832\/revisions"}],"predecessor-version":[{"id":1123,"href":"https:\/\/hasznosjatek.hu\/lap\/wp-json\/wp\/v2\/pages\/832\/revisions\/1123"}],"up":[{"embeddable":true,"href":"https:\/\/hasznosjatek.hu\/lap\/wp-json\/wp\/v2\/pages\/235"}],"wp:attachment":[{"href":"https:\/\/hasznosjatek.hu\/lap\/wp-json\/wp\/v2\/media?parent=832"}],"curies":[{"name":"wp","href":"https:\/\/api.w.org\/{rel}","templated":true}]}}