{"id":864,"date":"2022-02-02T11:05:06","date_gmt":"2022-02-02T11:05:06","guid":{"rendered":"https:\/\/hasznosjatek.hu\/lap\/?page_id=864"},"modified":"2022-11-09T09:08:04","modified_gmt":"2022-11-09T09:08:04","slug":"hangszerek","status":"publish","type":"page","link":"https:\/\/hasznosjatek.hu\/lap\/memoria-jatek\/hangszerek\/","title":{"rendered":"Hangszerek"},"content":{"rendered":"\n<figure class=\"wp-block-image size-large is-resized\"><img loading=\"lazy\" decoding=\"async\" src=\"https:\/\/hasznosjatek.hu\/lap\/wp-content\/uploads\/2022\/02\/272115523_235773092050137_4447938336595286485_n-804x1024.jpg\" alt=\"\" class=\"wp-image-865\" width=\"525\" height=\"668\" srcset=\"https:\/\/hasznosjatek.hu\/lap\/wp-content\/uploads\/2022\/02\/272115523_235773092050137_4447938336595286485_n-804x1024.jpg 804w, https:\/\/hasznosjatek.hu\/lap\/wp-content\/uploads\/2022\/02\/272115523_235773092050137_4447938336595286485_n-235x300.jpg 235w, https:\/\/hasznosjatek.hu\/lap\/wp-content\/uploads\/2022\/02\/272115523_235773092050137_4447938336595286485_n-768x979.jpg 768w, https:\/\/hasznosjatek.hu\/lap\/wp-content\/uploads\/2022\/02\/272115523_235773092050137_4447938336595286485_n-1205x1536.jpg 1205w, https:\/\/hasznosjatek.hu\/lap\/wp-content\/uploads\/2022\/02\/272115523_235773092050137_4447938336595286485_n.jpg 1499w\" sizes=\"auto, (max-width: 525px) 100vw, 525px\" \/><\/figure>\n\n\n\n<p><\/p>\n\n\n\n<p>Le\u00edr\u00e1s: 15 p\u00e1rb\u00f3l \u00e1ll\u00f3, ismeretterjeszt\u0151 mem\u00f3ria j\u00e1t\u00e9k, v\u00e1szonzs\u00e1kban.<\/p>\n\n\n\n<p>Anyaga: 3-4 mm vastag, csiszolt, nat\u00far, ny\u00edr r\u00e9tegelt lemez.<\/p>\n\n\n\n<p>Mem\u00f3riakock\u00e1k m\u00e9rete: 4,5&#215;4,5 cm<\/p>\n\n\n\n<p><strong>Term\u00e9k cikksz\u00e1ma: 10304<\/strong><\/p>\n\n\n\n<div class=\"wp-block-buttons has-custom-font-size has-small-font-size is-layout-flex wp-block-buttons-is-layout-flex\">\n<div class=\"wp-block-button has-custom-font-size is-style-fill has-small-font-size\"><a class=\"wp-block-button__link wp-element-button\" href=\"https:\/\/hasznosjatek.hu\/lap\/hasznosjatek-arak.pdf\" style=\"border-radius:6px\" target=\"_blank\" rel=\"noreferrer noopener\">\u00c1RLISTA<\/a><\/div>\n<\/div>\n","protected":false},"excerpt":{"rendered":"<p>Le\u00edr\u00e1s: 15 p\u00e1rb\u00f3l \u00e1ll\u00f3, ismeretterjeszt\u0151 mem\u00f3ria j\u00e1t\u00e9k, v\u00e1szonzs\u00e1kban. Anyaga: 3-4 mm vastag, csiszolt, nat\u00far, ny\u00edr r\u00e9tegelt lemez. Mem\u00f3riakock\u00e1k m\u00e9rete: 4,5&#215;4,5 cm Term\u00e9k cikksz\u00e1ma: 10304<\/p>\n","protected":false},"author":1,"featured_media":0,"parent":232,"menu_order":0,"comment_status":"closed","ping_status":"closed","template":"page-fullwidth.php","meta":{"footnotes":""},"class_list":["post-864","page","type-page","status-publish","hentry"],"_links":{"self":[{"href":"https:\/\/hasznosjatek.hu\/lap\/wp-json\/wp\/v2\/pages\/864","targetHints":{"allow":["GET"]}}],"collection":[{"href":"https:\/\/hasznosjatek.hu\/lap\/wp-json\/wp\/v2\/pages"}],"about":[{"href":"https:\/\/hasznosjatek.hu\/lap\/wp-json\/wp\/v2\/types\/page"}],"author":[{"embeddable":true,"href":"https:\/\/hasznosjatek.hu\/lap\/wp-json\/wp\/v2\/users\/1"}],"replies":[{"embeddable":true,"href":"https:\/\/hasznosjatek.hu\/lap\/wp-json\/wp\/v2\/comments?post=864"}],"version-history":[{"count":2,"href":"https:\/\/hasznosjatek.hu\/lap\/wp-json\/wp\/v2\/pages\/864\/revisions"}],"predecessor-version":[{"id":1101,"href":"https:\/\/hasznosjatek.hu\/lap\/wp-json\/wp\/v2\/pages\/864\/revisions\/1101"}],"up":[{"embeddable":true,"href":"https:\/\/hasznosjatek.hu\/lap\/wp-json\/wp\/v2\/pages\/232"}],"wp:attachment":[{"href":"https:\/\/hasznosjatek.hu\/lap\/wp-json\/wp\/v2\/media?parent=864"}],"curies":[{"name":"wp","href":"https:\/\/api.w.org\/{rel}","templated":true}]}}