{"id":868,"date":"2022-02-02T11:06:56","date_gmt":"2022-02-02T11:06:56","guid":{"rendered":"https:\/\/hasznosjatek.hu\/lap\/?page_id=868"},"modified":"2022-11-09T09:09:39","modified_gmt":"2022-11-09T09:09:39","slug":"zenei-jelek","status":"publish","type":"page","link":"https:\/\/hasznosjatek.hu\/lap\/memoria-jatek\/zenei-jelek\/","title":{"rendered":"Zenei jelek"},"content":{"rendered":"\n<figure class=\"wp-block-image size-large is-resized\"><img loading=\"lazy\" decoding=\"async\" src=\"https:\/\/hasznosjatek.hu\/lap\/wp-content\/uploads\/2022\/02\/272089958_235773205383459_1219910974967441766_n-919x1024.jpg\" alt=\"\" class=\"wp-image-869\" width=\"372\" height=\"414\" srcset=\"https:\/\/hasznosjatek.hu\/lap\/wp-content\/uploads\/2022\/02\/272089958_235773205383459_1219910974967441766_n-919x1024.jpg 919w, https:\/\/hasznosjatek.hu\/lap\/wp-content\/uploads\/2022\/02\/272089958_235773205383459_1219910974967441766_n-269x300.jpg 269w, https:\/\/hasznosjatek.hu\/lap\/wp-content\/uploads\/2022\/02\/272089958_235773205383459_1219910974967441766_n-768x856.jpg 768w, https:\/\/hasznosjatek.hu\/lap\/wp-content\/uploads\/2022\/02\/272089958_235773205383459_1219910974967441766_n-1378x1536.jpg 1378w, https:\/\/hasznosjatek.hu\/lap\/wp-content\/uploads\/2022\/02\/272089958_235773205383459_1219910974967441766_n.jpg 1529w\" sizes=\"auto, (max-width: 372px) 100vw, 372px\" \/><\/figure>\n\n\n\n<p><\/p>\n\n\n\n<p>Le\u00edr\u00e1s: 11 p\u00e1rb\u00f3l \u00e1ll\u00f3, ismeretterjeszt\u0151 mem\u00f3ria j\u00e1t\u00e9k, v\u00e1szonzs\u00e1kban.<\/p>\n\n\n\n<p>Anyaga: 3-4 mm vastag, csiszolt, nat\u00far, ny\u00edr r\u00e9tegelt lemez.<\/p>\n\n\n\n<p>Mem\u00f3riakock\u00e1k m\u00e9rete: 4,5&#215;4,5 cm<\/p>\n\n\n\n<p><strong>Term\u00e9k cikksz\u00e1ma: 10309<\/strong><\/p>\n\n\n\n<div class=\"wp-block-buttons has-custom-font-size has-small-font-size is-layout-flex wp-block-buttons-is-layout-flex\">\n<div class=\"wp-block-button has-custom-font-size is-style-fill has-small-font-size\"><a class=\"wp-block-button__link wp-element-button\" href=\"https:\/\/hasznosjatek.hu\/lap\/hasznosjatek-arak.pdf\" style=\"border-radius:6px\" target=\"_blank\" rel=\"noreferrer noopener\">\u00c1RLISTA<\/a><\/div>\n<\/div>\n","protected":false},"excerpt":{"rendered":"<p>Le\u00edr\u00e1s: 11 p\u00e1rb\u00f3l \u00e1ll\u00f3, ismeretterjeszt\u0151 mem\u00f3ria j\u00e1t\u00e9k, v\u00e1szonzs\u00e1kban. Anyaga: 3-4 mm vastag, csiszolt, nat\u00far, ny\u00edr r\u00e9tegelt lemez. Mem\u00f3riakock\u00e1k m\u00e9rete: 4,5&#215;4,5 cm Term\u00e9k cikksz\u00e1ma: 10309<\/p>\n","protected":false},"author":1,"featured_media":0,"parent":232,"menu_order":0,"comment_status":"closed","ping_status":"closed","template":"page-fullwidth.php","meta":{"footnotes":""},"class_list":["post-868","page","type-page","status-publish","hentry"],"_links":{"self":[{"href":"https:\/\/hasznosjatek.hu\/lap\/wp-json\/wp\/v2\/pages\/868","targetHints":{"allow":["GET"]}}],"collection":[{"href":"https:\/\/hasznosjatek.hu\/lap\/wp-json\/wp\/v2\/pages"}],"about":[{"href":"https:\/\/hasznosjatek.hu\/lap\/wp-json\/wp\/v2\/types\/page"}],"author":[{"embeddable":true,"href":"https:\/\/hasznosjatek.hu\/lap\/wp-json\/wp\/v2\/users\/1"}],"replies":[{"embeddable":true,"href":"https:\/\/hasznosjatek.hu\/lap\/wp-json\/wp\/v2\/comments?post=868"}],"version-history":[{"count":4,"href":"https:\/\/hasznosjatek.hu\/lap\/wp-json\/wp\/v2\/pages\/868\/revisions"}],"predecessor-version":[{"id":1109,"href":"https:\/\/hasznosjatek.hu\/lap\/wp-json\/wp\/v2\/pages\/868\/revisions\/1109"}],"up":[{"embeddable":true,"href":"https:\/\/hasznosjatek.hu\/lap\/wp-json\/wp\/v2\/pages\/232"}],"wp:attachment":[{"href":"https:\/\/hasznosjatek.hu\/lap\/wp-json\/wp\/v2\/media?parent=868"}],"curies":[{"name":"wp","href":"https:\/\/api.w.org\/{rel}","templated":true}]}}