{"id":970,"date":"2022-05-03T08:29:52","date_gmt":"2022-05-03T08:29:52","guid":{"rendered":"https:\/\/hasznosjatek.hu\/lap\/?page_id=970"},"modified":"2023-04-01T09:02:09","modified_gmt":"2023-04-01T09:02:09","slug":"fogalmi-gondolkodast-fejleszto-jatekok","status":"publish","type":"page","link":"https:\/\/hasznosjatek.hu\/lap\/about\/fogalmi-gondolkodast-fejleszto-jatekok\/","title":{"rendered":"Fogalmi gondolkod\u00e1st fejleszt\u0151 j\u00e1t\u00e9kok"},"content":{"rendered":"\n<figure class=\"wp-block-table is-style-stripes\"><table><tbody><tr><td class=\"has-text-align-right\" data-align=\"right\"><a href=\"https:\/\/hasznosjatek.hu\/lap\/about\/fogalmi-gondolkodast-fejleszto-jatekok\/domzle\">Domzle<\/a><\/td><td>\n<a href=\"https:\/\/hasznosjatek.hu\/lap\/about\/fogalmi-gondolkodast-fejleszto-jatekok\/domzle\"> <img loading=\"lazy\" decoding=\"async\" src=\"https:\/\/hasznosjatek.hu\/lap\/pic09\/domzle.jpg\" width=\"200\" height=\"120\"> <\/a>\n<\/td><\/tr><tr><td class=\"has-text-align-right\" data-align=\"right\"><a href=\"https:\/\/hasznosjatek.hu\/lap\/about\/fogalmi-gondolkodast-fejleszto-jatekok\/osztalyozoo\">Oszt\u00e1lyoZOO<\/a><\/td><td>\n<a href=\"https:\/\/hasznosjatek.hu\/lap\/about\/fogalmi-gondolkodast-fejleszto-jatekok\/osztalyozoo\"> <img loading=\"lazy\" decoding=\"async\" src=\"https:\/\/hasznosjatek.hu\/lap\/pic09\/osztalyozoo.jpg\" width=\"200\" height=\"120\"> <\/a> \n<\/td><\/tr><tr><td class=\"has-text-align-right\" data-align=\"right\"><a href=\"https:\/\/hasznosjatek.hu\/lap\/about\/fogalmi-gondolkodast-fejleszto-jatekok\/idozo\/\">Id\u0151z\u0151<\/a><\/td><td>\n<a href=\"https:\/\/hasznosjatek.hu\/lap\/about\/fogalmi-gondolkodast-fejleszto-jatekok\/idozo\/\"> <img loading=\"lazy\" decoding=\"async\" src=\"https:\/\/hasznosjatek.hu\/lap\/pic12\/04.jpg\" width=\"200\" height=\"120\"> <\/a> \n<\/td><\/tr><tr><td class=\"has-text-align-right\" data-align=\"right\"><a href=\"https:\/\/hasznosjatek.hu\/lap\/about\/fogalmi-gondolkodast-fejleszto-jatekok\/magyarorszag-megyei\/\">Magyarorsz\u00e1g megy\u00e9i kirak\u00f3 <\/a><\/td><td>\n<a href=\"https:\/\/hasznosjatek.hu\/lap\/about\/fogalmi-gondolkodast-fejleszto-jatekok\/magyarorszag-megyei\/\"> <img loading=\"lazy\" decoding=\"async\" src=\"https:\/\/hasznosjatek.hu\/lap\/pic12\/05.jpg\" width=\"200\" height=\"120\"> <\/a> \n<\/td><\/tr><tr><td class=\"has-text-align-right\" data-align=\"right\"><a href=\"https:\/\/hasznosjatek.hu\/lap\/about\/fogalmi-gondolkodast-fejleszto-jatekok\/nagymagyarorszag-varmegyei\/\">Nagymagyarorsz\u00e1g v\u00e1rmegy\u00e9i<\/a><\/td><td>\n<a href=\"https:\/\/hasznosjatek.hu\/lap\/about\/fogalmi-gondolkodast-fejleszto-jatekok\/nagymagyarorszag-varmegyei\/\"> <img loading=\"lazy\" decoding=\"async\" src=\"https:\/\/hasznosjatek.hu\/lap\/pic12\/06.jpg\" width=\"200\" height=\"120\"> <\/a> \n<\/td><\/tr><\/tbody><\/table><\/figure>\n\n\n\n<div class=\"wp-block-buttons is-layout-flex wp-block-buttons-is-layout-flex\">\n<div class=\"wp-block-button has-custom-width wp-block-button__width-100\"><a class=\"wp-block-button__link wp-element-button\" href=\"https:\/\/hasznosjatek.hu\/lap\/about\/\">J\u00c1T\u00c9K KATEG\u00d3RIA<\/a><\/div>\n<\/div>\n","protected":false},"excerpt":{"rendered":"<p>Domzle Oszt\u00e1lyoZOO Id\u0151z\u0151 Magyarorsz\u00e1g megy\u00e9i kirak\u00f3 Nagymagyarorsz\u00e1g v\u00e1rmegy\u00e9i<\/p>\n","protected":false},"author":1,"featured_media":0,"parent":44,"menu_order":0,"comment_status":"closed","ping_status":"closed","template":"page-fullwidth.php","meta":{"footnotes":""},"class_list":["post-970","page","type-page","status-publish","hentry"],"_links":{"self":[{"href":"https:\/\/hasznosjatek.hu\/lap\/wp-json\/wp\/v2\/pages\/970","targetHints":{"allow":["GET"]}}],"collection":[{"href":"https:\/\/hasznosjatek.hu\/lap\/wp-json\/wp\/v2\/pages"}],"about":[{"href":"https:\/\/hasznosjatek.hu\/lap\/wp-json\/wp\/v2\/types\/page"}],"author":[{"embeddable":true,"href":"https:\/\/hasznosjatek.hu\/lap\/wp-json\/wp\/v2\/users\/1"}],"replies":[{"embeddable":true,"href":"https:\/\/hasznosjatek.hu\/lap\/wp-json\/wp\/v2\/comments?post=970"}],"version-history":[{"count":9,"href":"https:\/\/hasznosjatek.hu\/lap\/wp-json\/wp\/v2\/pages\/970\/revisions"}],"predecessor-version":[{"id":1309,"href":"https:\/\/hasznosjatek.hu\/lap\/wp-json\/wp\/v2\/pages\/970\/revisions\/1309"}],"up":[{"embeddable":true,"href":"https:\/\/hasznosjatek.hu\/lap\/wp-json\/wp\/v2\/pages\/44"}],"wp:attachment":[{"href":"https:\/\/hasznosjatek.hu\/lap\/wp-json\/wp\/v2\/media?parent=970"}],"curies":[{"name":"wp","href":"https:\/\/api.w.org\/{rel}","templated":true}]}}